{"id":18319,"date":"2025-11-07T18:55:47","date_gmt":"2025-11-07T17:55:47","guid":{"rendered":"https:\/\/www.ernstbrunn-apotheke.at\/katalog\/produkt\/twardy-kieselerde-calcium-magnesium-kapseln\/"},"modified":"2025-12-08T14:04:54","modified_gmt":"2025-12-08T13:04:54","slug":"twardy-kieselerde-calcium-magnesium-kapseln","status":"publish","type":"product","link":"https:\/\/www.ernstbrunn-apotheke.at\/katalog\/produkt\/twardy-kieselerde-calcium-magnesium-kapseln\/","title":{"rendered":"Twardy Kieselerde Calcium Magnesium Kapseln"},"content":{"rendered":"<p>Twardy Kieselerde Calcium Magnesium Kapseln sind eine wertvolle Nahrungserg\u00e4nzung f\u00fcr Ihre Sch\u00f6nheit. Kieselerde ist ein sorgf\u00e4ltig gereinigtes Naturprodukt aus Ablagerungen des Urmeeres. Sie wird aus dem Schalengeh\u00e4use der Kieselalgen (Diatomeen) gewonnen und enth\u00e4lt das Spurenelement Silicium.<\/p>\n","protected":false},"excerpt":{"rendered":"<p>Twardy Kieselerde Calcium Magnesium Kapseln sind eine wertvolle Nahrungserg\u00e4nzung f\u00fcr Ihre Sch\u00f6nheit. Kieselerde ist ein sorgf\u00e4ltig gereinigtes Naturprodukt aus Ablagerungen des Urmeeres. Sie wird aus dem Schalengeh\u00e4use der Kieselalgen (Diatomeen) gewonnen und enth\u00e4lt das Spurenelement Silicium.<\/p>\n","protected":false},"featured_media":18321,"template":"","meta":{"_acf_changed":false},"product_brand":[507],"product_cat":[798],"product_tag":[],"class_list":{"0":"post-18319","1":"product","2":"type-product","3":"status-publish","4":"has-post-thumbnail","6":"product_brand-twardy","7":"product_cat-t","8":"pa_packungsgroesse-160-stueck","9":"pa_packungsgroesse-60-stueck","11":"first","12":"instock","13":"shipping-taxable","14":"purchasable","15":"product-type-simple"},"acf":[],"_links":{"self":[{"href":"https:\/\/www.ernstbrunn-apotheke.at\/katalog\/wp-json\/wp\/v2\/product\/18319","targetHints":{"allow":["GET"]}}],"collection":[{"href":"https:\/\/www.ernstbrunn-apotheke.at\/katalog\/wp-json\/wp\/v2\/product"}],"about":[{"href":"https:\/\/www.ernstbrunn-apotheke.at\/katalog\/wp-json\/wp\/v2\/types\/product"}],"wp:featuredmedia":[{"embeddable":true,"href":"https:\/\/www.ernstbrunn-apotheke.at\/katalog\/wp-json\/wp\/v2\/media\/18321"}],"wp:attachment":[{"href":"https:\/\/www.ernstbrunn-apotheke.at\/katalog\/wp-json\/wp\/v2\/media?parent=18319"}],"wp:term":[{"taxonomy":"product_brand","embeddable":true,"href":"https:\/\/www.ernstbrunn-apotheke.at\/katalog\/wp-json\/wp\/v2\/product_brand?post=18319"},{"taxonomy":"product_cat","embeddable":true,"href":"https:\/\/www.ernstbrunn-apotheke.at\/katalog\/wp-json\/wp\/v2\/product_cat?post=18319"},{"taxonomy":"product_tag","embeddable":true,"href":"https:\/\/www.ernstbrunn-apotheke.at\/katalog\/wp-json\/wp\/v2\/product_tag?post=18319"}],"curies":[{"name":"wp","href":"https:\/\/api.w.org\/{rel}","templated":true}]}}