{"id":18302,"date":"2025-11-07T18:55:18","date_gmt":"2025-11-07T17:55:18","guid":{"rendered":"https:\/\/www.ernstbrunn-apotheke.at\/katalog\/produkt\/orthomol-vital-f-trinkflaeschchen-und-kapseln-30-stk\/"},"modified":"2025-12-08T14:04:49","modified_gmt":"2025-12-08T13:04:49","slug":"orthomol-vital-f-trinkflaeschchen-und-kapseln-30-stk","status":"publish","type":"product","link":"https:\/\/www.ernstbrunn-apotheke.at\/katalog\/produkt\/orthomol-vital-f-trinkflaeschchen-und-kapseln-30-stk\/","title":{"rendered":"Orthomol Vital f Trinkfl\u00e4schchen und Kapseln 30 Stk."},"content":{"rendered":"<p>Orthomol Vital f\u00ae Trinkfl\u00e4schchen und Kapseln 30 Stk. ist ein Nahrungserg\u00e4nzungsmittel mit wichtigen Mikron\u00e4hrstoffen f\u00fcr Nervensystem und Energiestoffwechsel. M\u00fcdigkeit und Ersch\u00f6pfung werden verringert. Die Nahrungserg\u00e4nzung tr\u00e4gt zu einem normalen Energiestoffwechsel sowie einer normalen Funktion des Nervensystems bei. Die Omega-3-Fetts\u00e4uren EPA und DHA tragen zu einer normalen Herzfunktion bei. Die positive Wirkung stellt sich bei einer t\u00e4glichen Aufnahme von 250 mg EPA und DHA ein. Calcium wird zum Erhalt normaler Knochen und Z\u00e4hne ben\u00f6tigt.<\/p>\n","protected":false},"excerpt":{"rendered":"<p>Orthomol Vital f\u00ae Trinkfl\u00e4schchen und Kapseln 30 Stk. ist ein Nahrungserg\u00e4nzungsmittel mit wichtigen Mikron\u00e4hrstoffen f\u00fcr Nervensystem und Energiestoffwechsel. M\u00fcdigkeit und Ersch\u00f6pfung werden verringert. Die Nahrungserg\u00e4nzung tr\u00e4gt zu einem normalen Energiestoffwechsel sowie einer normalen Funktion des Nervensystems bei. Die Omega-3-Fetts\u00e4uren EPA und DHA tragen zu einer normalen Herzfunktion bei. Die positive Wirkung stellt sich bei einer [&hellip;]<\/p>\n","protected":false},"featured_media":18304,"template":"","meta":{"_acf_changed":false},"product_brand":[387],"product_cat":[819],"product_tag":[],"class_list":{"0":"post-18302","1":"product","2":"type-product","3":"status-publish","4":"has-post-thumbnail","6":"product_brand-orthomol","7":"product_cat-o","8":"pa_packungsgroesse-30-stueck","10":"first","11":"instock","12":"shipping-taxable","13":"purchasable","14":"product-type-simple"},"acf":[],"_links":{"self":[{"href":"https:\/\/www.ernstbrunn-apotheke.at\/katalog\/wp-json\/wp\/v2\/product\/18302","targetHints":{"allow":["GET"]}}],"collection":[{"href":"https:\/\/www.ernstbrunn-apotheke.at\/katalog\/wp-json\/wp\/v2\/product"}],"about":[{"href":"https:\/\/www.ernstbrunn-apotheke.at\/katalog\/wp-json\/wp\/v2\/types\/product"}],"wp:featuredmedia":[{"embeddable":true,"href":"https:\/\/www.ernstbrunn-apotheke.at\/katalog\/wp-json\/wp\/v2\/media\/18304"}],"wp:attachment":[{"href":"https:\/\/www.ernstbrunn-apotheke.at\/katalog\/wp-json\/wp\/v2\/media?parent=18302"}],"wp:term":[{"taxonomy":"product_brand","embeddable":true,"href":"https:\/\/www.ernstbrunn-apotheke.at\/katalog\/wp-json\/wp\/v2\/product_brand?post=18302"},{"taxonomy":"product_cat","embeddable":true,"href":"https:\/\/www.ernstbrunn-apotheke.at\/katalog\/wp-json\/wp\/v2\/product_cat?post=18302"},{"taxonomy":"product_tag","embeddable":true,"href":"https:\/\/www.ernstbrunn-apotheke.at\/katalog\/wp-json\/wp\/v2\/product_tag?post=18302"}],"curies":[{"name":"wp","href":"https:\/\/api.w.org\/{rel}","templated":true}]}}