{"id":18292,"date":"2025-11-07T18:55:18","date_gmt":"2025-11-07T17:55:18","guid":{"rendered":"https:\/\/www.ernstbrunn-apotheke.at\/katalog\/produkt\/bullrichs-heilerde-kapseln-48-stk\/"},"modified":"2025-12-08T14:04:47","modified_gmt":"2025-12-08T13:04:47","slug":"bullrichs-heilerde-kapseln-48-stk","status":"publish","type":"product","link":"https:\/\/www.ernstbrunn-apotheke.at\/katalog\/produkt\/bullrichs-heilerde-kapseln-48-stk\/","title":{"rendered":"Bullrichs Heilerde Kapseln 48 Stk."},"content":{"rendered":"<p>Bullrich Heilerde ist ultrafein vermahlen. So kann diese Heilerde zur inneren Anwendung f\u00fcr die Linderung einer Vielzahl von ern\u00e4hrungsbedingten Magen-Darm-Problemen eingesetzt werden. Bullrich Heilerde Kapseln erm\u00f6glichen eine praktische Einnahme und sind ideal als t\u00e4gliche Begleiter f\u00fcr unterwegs, im B\u00fcro oder auf Reisen.<\/p>\n","protected":false},"excerpt":{"rendered":"<p>Bullrich Heilerde ist ultrafein vermahlen. So kann diese Heilerde zur inneren Anwendung f\u00fcr die Linderung einer Vielzahl von ern\u00e4hrungsbedingten Magen-Darm-Problemen eingesetzt werden. Bullrich Heilerde Kapseln erm\u00f6glichen eine praktische Einnahme und sind ideal als t\u00e4gliche Begleiter f\u00fcr unterwegs, im B\u00fcro oder auf Reisen.<\/p>\n","protected":false},"featured_media":18294,"template":"","meta":{"_acf_changed":false},"product_brand":[],"product_cat":[802],"product_tag":[],"class_list":{"0":"post-18292","1":"product","2":"type-product","3":"status-publish","4":"has-post-thumbnail","6":"product_cat-b","7":"pa_packungsgroesse-48-stueck","9":"first","10":"instock","11":"shipping-taxable","12":"purchasable","13":"product-type-simple"},"acf":[],"_links":{"self":[{"href":"https:\/\/www.ernstbrunn-apotheke.at\/katalog\/wp-json\/wp\/v2\/product\/18292","targetHints":{"allow":["GET"]}}],"collection":[{"href":"https:\/\/www.ernstbrunn-apotheke.at\/katalog\/wp-json\/wp\/v2\/product"}],"about":[{"href":"https:\/\/www.ernstbrunn-apotheke.at\/katalog\/wp-json\/wp\/v2\/types\/product"}],"wp:featuredmedia":[{"embeddable":true,"href":"https:\/\/www.ernstbrunn-apotheke.at\/katalog\/wp-json\/wp\/v2\/media\/18294"}],"wp:attachment":[{"href":"https:\/\/www.ernstbrunn-apotheke.at\/katalog\/wp-json\/wp\/v2\/media?parent=18292"}],"wp:term":[{"taxonomy":"product_brand","embeddable":true,"href":"https:\/\/www.ernstbrunn-apotheke.at\/katalog\/wp-json\/wp\/v2\/product_brand?post=18292"},{"taxonomy":"product_cat","embeddable":true,"href":"https:\/\/www.ernstbrunn-apotheke.at\/katalog\/wp-json\/wp\/v2\/product_cat?post=18292"},{"taxonomy":"product_tag","embeddable":true,"href":"https:\/\/www.ernstbrunn-apotheke.at\/katalog\/wp-json\/wp\/v2\/product_tag?post=18292"}],"curies":[{"name":"wp","href":"https:\/\/api.w.org\/{rel}","templated":true}]}}