{"id":18289,"date":"2025-11-07T18:55:18","date_gmt":"2025-11-07T17:55:18","guid":{"rendered":"https:\/\/www.ernstbrunn-apotheke.at\/katalog\/produkt\/bimaxaan-forte-haarkapseln-3-monats-packung-60-stk\/"},"modified":"2025-12-08T14:04:45","modified_gmt":"2025-12-08T13:04:45","slug":"bimaxaan-forte-haarkapseln-3-monats-packung-60-stk","status":"publish","type":"product","link":"https:\/\/www.ernstbrunn-apotheke.at\/katalog\/produkt\/bimaxaan-forte-haarkapseln-3-monats-packung-60-stk\/","title":{"rendered":"Bimaxaan forte Haarkapseln 3 Monats-Packung 60 Stk."},"content":{"rendered":"<p>Bimaxaan forte Haarkapseln dienen zur di\u00e4tetischen Behandlung von Haarwuchsst\u00f6rrungen und Haarausfall. Bimaxaan forte enth\u00e4lt rein nat\u00fcrliche Inhaltsstoffe und wurde unter Einhaltung der \u00f6sterreichischen Pharmaqualit\u00e4tsanforderungen entwickelt und hergestellt. Die Kapseln eignen sich zur Anwendung bei d\u00fcnner werdendem Haar, \u00fcberm\u00e4\u00dfigem Haarausfall, br\u00fcchigem Haar sowie schwachen Haarwurzeln.<\/p>\n","protected":false},"excerpt":{"rendered":"<p>Bimaxaan forte Haarkapseln dienen zur di\u00e4tetischen Behandlung von Haarwuchsst\u00f6rrungen und Haarausfall. Bimaxaan forte enth\u00e4lt rein nat\u00fcrliche Inhaltsstoffe und wurde unter Einhaltung der \u00f6sterreichischen Pharmaqualit\u00e4tsanforderungen entwickelt und hergestellt. Die Kapseln eignen sich zur Anwendung bei d\u00fcnner werdendem Haar, \u00fcberm\u00e4\u00dfigem Haarausfall, br\u00fcchigem Haar sowie schwachen Haarwurzeln.<\/p>\n","protected":false},"featured_media":18291,"template":"","meta":{"_acf_changed":false},"product_brand":[],"product_cat":[802],"product_tag":[],"class_list":{"0":"post-18289","1":"product","2":"type-product","3":"status-publish","4":"has-post-thumbnail","6":"product_cat-b","7":"pa_packungsgroesse-60-stueck","9":"first","10":"instock","11":"shipping-taxable","12":"purchasable","13":"product-type-simple"},"acf":[],"_links":{"self":[{"href":"https:\/\/www.ernstbrunn-apotheke.at\/katalog\/wp-json\/wp\/v2\/product\/18289","targetHints":{"allow":["GET"]}}],"collection":[{"href":"https:\/\/www.ernstbrunn-apotheke.at\/katalog\/wp-json\/wp\/v2\/product"}],"about":[{"href":"https:\/\/www.ernstbrunn-apotheke.at\/katalog\/wp-json\/wp\/v2\/types\/product"}],"wp:featuredmedia":[{"embeddable":true,"href":"https:\/\/www.ernstbrunn-apotheke.at\/katalog\/wp-json\/wp\/v2\/media\/18291"}],"wp:attachment":[{"href":"https:\/\/www.ernstbrunn-apotheke.at\/katalog\/wp-json\/wp\/v2\/media?parent=18289"}],"wp:term":[{"taxonomy":"product_brand","embeddable":true,"href":"https:\/\/www.ernstbrunn-apotheke.at\/katalog\/wp-json\/wp\/v2\/product_brand?post=18289"},{"taxonomy":"product_cat","embeddable":true,"href":"https:\/\/www.ernstbrunn-apotheke.at\/katalog\/wp-json\/wp\/v2\/product_cat?post=18289"},{"taxonomy":"product_tag","embeddable":true,"href":"https:\/\/www.ernstbrunn-apotheke.at\/katalog\/wp-json\/wp\/v2\/product_tag?post=18289"}],"curies":[{"name":"wp","href":"https:\/\/api.w.org\/{rel}","templated":true}]}}