{"id":18275,"date":"2025-11-07T18:54:35","date_gmt":"2025-11-07T17:54:35","guid":{"rendered":"https:\/\/www.ernstbrunn-apotheke.at\/katalog\/produkt\/selavital-tabletten-90-stk\/"},"modified":"2025-12-08T14:04:42","modified_gmt":"2025-12-08T13:04:42","slug":"selavital-tabletten-90-stk","status":"publish","type":"product","link":"https:\/\/www.ernstbrunn-apotheke.at\/katalog\/produkt\/selavital-tabletten-90-stk\/","title":{"rendered":"Selavital Tabletten 90 Stk."},"content":{"rendered":"<p>Selavital\u00ae ist ein Nahrungserg\u00e4nzungsmittel mit Selen, Betacarotin, Vitamin E, Vitamin B2 und Vitamin B3. Selen tr\u00e4gt zur normalen Funktion des Immunsystems und der Schilddr\u00fcse bei. Vitamin E und Vitamin B2 sch\u00fctzen die Zellen vor oxidativem Stress und Vitamin B3 tr\u00e4gt zu einem normalen Energiestoffwechsel bei.<\/p>\n","protected":false},"excerpt":{"rendered":"<p>Selavital\u00ae ist ein Nahrungserg\u00e4nzungsmittel mit Selen, Betacarotin, Vitamin E, Vitamin B2 und Vitamin B3. Selen tr\u00e4gt zur normalen Funktion des Immunsystems und der Schilddr\u00fcse bei. Vitamin E und Vitamin B2 sch\u00fctzen die Zellen vor oxidativem Stress und Vitamin B3 tr\u00e4gt zu einem normalen Energiestoffwechsel bei.<\/p>\n","protected":false},"featured_media":18277,"template":"","meta":{"_acf_changed":false},"product_brand":[],"product_cat":[791],"product_tag":[],"class_list":{"0":"post-18275","1":"product","2":"type-product","3":"status-publish","4":"has-post-thumbnail","6":"product_cat-s","7":"pa_farbe-weiss","8":"pa_geschmack-neutral","9":"pa_packungsgroesse-90-stueck","11":"first","12":"instock","13":"shipping-taxable","14":"purchasable","15":"product-type-simple"},"acf":[],"_links":{"self":[{"href":"https:\/\/www.ernstbrunn-apotheke.at\/katalog\/wp-json\/wp\/v2\/product\/18275","targetHints":{"allow":["GET"]}}],"collection":[{"href":"https:\/\/www.ernstbrunn-apotheke.at\/katalog\/wp-json\/wp\/v2\/product"}],"about":[{"href":"https:\/\/www.ernstbrunn-apotheke.at\/katalog\/wp-json\/wp\/v2\/types\/product"}],"wp:featuredmedia":[{"embeddable":true,"href":"https:\/\/www.ernstbrunn-apotheke.at\/katalog\/wp-json\/wp\/v2\/media\/18277"}],"wp:attachment":[{"href":"https:\/\/www.ernstbrunn-apotheke.at\/katalog\/wp-json\/wp\/v2\/media?parent=18275"}],"wp:term":[{"taxonomy":"product_brand","embeddable":true,"href":"https:\/\/www.ernstbrunn-apotheke.at\/katalog\/wp-json\/wp\/v2\/product_brand?post=18275"},{"taxonomy":"product_cat","embeddable":true,"href":"https:\/\/www.ernstbrunn-apotheke.at\/katalog\/wp-json\/wp\/v2\/product_cat?post=18275"},{"taxonomy":"product_tag","embeddable":true,"href":"https:\/\/www.ernstbrunn-apotheke.at\/katalog\/wp-json\/wp\/v2\/product_tag?post=18275"}],"curies":[{"name":"wp","href":"https:\/\/api.w.org\/{rel}","templated":true}]}}