{"id":18189,"date":"2025-11-07T18:53:18","date_gmt":"2025-11-07T17:53:18","guid":{"rendered":"https:\/\/www.ernstbrunn-apotheke.at\/katalog\/produkt\/luvos-heilerde-mikrofein-pulver-380-g\/"},"modified":"2025-12-08T14:04:21","modified_gmt":"2025-12-08T13:04:21","slug":"luvos-heilerde-mikrofein-pulver-380-g","status":"publish","type":"product","link":"https:\/\/www.ernstbrunn-apotheke.at\/katalog\/produkt\/luvos-heilerde-mikrofein-pulver-380-g\/","title":{"rendered":"Luvos Heilerde mikrofein Pulver 380 g"},"content":{"rendered":"<p>Die mikrofeine Luvos-Heilerde ist ein Medizinprodukt und kann Cholesterin und Fette wie ein Schwamm aus der Nahrung binden und ausscheiden. Als Naturheilmittel unterst\u00fctzt Luvos-Heilerde ohne Nebenwirkungen eine herzgesunde Ern\u00e4hrung. Wegen des besonderen Bindungsverm\u00f6gens ist Luvos-Heilerde auch zur Darmsanierung und Entschlackung geeignet. Mit der sanften Kraft der Natur entlastet Luvos-Heilerde den Stoffwechsel und f\u00fchrt zu einem nat\u00fcrlichen Gleichgewicht.<\/p>\n","protected":false},"excerpt":{"rendered":"<p>Die mikrofeine Luvos-Heilerde ist ein Medizinprodukt und kann Cholesterin und Fette wie ein Schwamm aus der Nahrung binden und ausscheiden. Als Naturheilmittel unterst\u00fctzt Luvos-Heilerde ohne Nebenwirkungen eine herzgesunde Ern\u00e4hrung. Wegen des besonderen Bindungsverm\u00f6gens ist Luvos-Heilerde auch zur Darmsanierung und Entschlackung geeignet. Mit der sanften Kraft der Natur entlastet Luvos-Heilerde den Stoffwechsel und f\u00fchrt zu einem [&hellip;]<\/p>\n","protected":false},"featured_media":18191,"template":"","meta":{"_acf_changed":false},"product_brand":[636],"product_cat":[795],"product_tag":[],"class_list":{"0":"post-18189","1":"product","2":"type-product","3":"status-publish","4":"has-post-thumbnail","6":"product_brand-luvos","7":"product_cat-l","8":"pa_packungsgroesse-380g","10":"first","11":"instock","12":"shipping-taxable","13":"purchasable","14":"product-type-simple"},"acf":[],"_links":{"self":[{"href":"https:\/\/www.ernstbrunn-apotheke.at\/katalog\/wp-json\/wp\/v2\/product\/18189","targetHints":{"allow":["GET"]}}],"collection":[{"href":"https:\/\/www.ernstbrunn-apotheke.at\/katalog\/wp-json\/wp\/v2\/product"}],"about":[{"href":"https:\/\/www.ernstbrunn-apotheke.at\/katalog\/wp-json\/wp\/v2\/types\/product"}],"wp:featuredmedia":[{"embeddable":true,"href":"https:\/\/www.ernstbrunn-apotheke.at\/katalog\/wp-json\/wp\/v2\/media\/18191"}],"wp:attachment":[{"href":"https:\/\/www.ernstbrunn-apotheke.at\/katalog\/wp-json\/wp\/v2\/media?parent=18189"}],"wp:term":[{"taxonomy":"product_brand","embeddable":true,"href":"https:\/\/www.ernstbrunn-apotheke.at\/katalog\/wp-json\/wp\/v2\/product_brand?post=18189"},{"taxonomy":"product_cat","embeddable":true,"href":"https:\/\/www.ernstbrunn-apotheke.at\/katalog\/wp-json\/wp\/v2\/product_cat?post=18189"},{"taxonomy":"product_tag","embeddable":true,"href":"https:\/\/www.ernstbrunn-apotheke.at\/katalog\/wp-json\/wp\/v2\/product_tag?post=18189"}],"curies":[{"name":"wp","href":"https:\/\/api.w.org\/{rel}","templated":true}]}}