{"id":18185,"date":"2025-11-07T18:53:18","date_gmt":"2025-11-07T17:53:18","guid":{"rendered":"https:\/\/www.ernstbrunn-apotheke.at\/katalog\/produkt\/plantur-39-haar-aktiv-kapseln-60-stk\/"},"modified":"2025-12-08T14:04:20","modified_gmt":"2025-12-08T13:04:20","slug":"plantur-39-haar-aktiv-kapseln-60-stk","status":"publish","type":"product","link":"https:\/\/www.ernstbrunn-apotheke.at\/katalog\/produkt\/plantur-39-haar-aktiv-kapseln-60-stk\/","title":{"rendered":"Plantur 39 Haar Aktiv Kapseln 60 Stk."},"content":{"rendered":"<p>Plantur 39 Haar Aktiv Kapseln ist ein Nahrungserg\u00e4ngzungsmittel mit Vitaminen und Spurenelementen zur Unterst\u00fctzung der Haarwurzeln und der Kopfhaut. Biotin, Selen, Zink und Vitamine sorgen f\u00fcr eine verbesserte Widerstandskraft der Haare und einen kr\u00e4ftigen Haarwuchs..<\/p>\n","protected":false},"excerpt":{"rendered":"<p>Plantur 39 Haar Aktiv Kapseln ist ein Nahrungserg\u00e4ngzungsmittel mit Vitaminen und Spurenelementen zur Unterst\u00fctzung der Haarwurzeln und der Kopfhaut. Biotin, Selen, Zink und Vitamine sorgen f\u00fcr eine verbesserte Widerstandskraft der Haare und einen kr\u00e4ftigen Haarwuchs..<\/p>\n","protected":false},"featured_media":18187,"template":"","meta":{"_acf_changed":false},"product_brand":[643],"product_cat":[793],"product_tag":[],"class_list":{"0":"post-18185","1":"product","2":"type-product","3":"status-publish","4":"has-post-thumbnail","6":"product_brand-plantur","7":"product_cat-p","8":"pa_packungsgroesse-60-stueck","10":"first","11":"instock","12":"shipping-taxable","13":"purchasable","14":"product-type-simple"},"acf":[],"_links":{"self":[{"href":"https:\/\/www.ernstbrunn-apotheke.at\/katalog\/wp-json\/wp\/v2\/product\/18185","targetHints":{"allow":["GET"]}}],"collection":[{"href":"https:\/\/www.ernstbrunn-apotheke.at\/katalog\/wp-json\/wp\/v2\/product"}],"about":[{"href":"https:\/\/www.ernstbrunn-apotheke.at\/katalog\/wp-json\/wp\/v2\/types\/product"}],"wp:featuredmedia":[{"embeddable":true,"href":"https:\/\/www.ernstbrunn-apotheke.at\/katalog\/wp-json\/wp\/v2\/media\/18187"}],"wp:attachment":[{"href":"https:\/\/www.ernstbrunn-apotheke.at\/katalog\/wp-json\/wp\/v2\/media?parent=18185"}],"wp:term":[{"taxonomy":"product_brand","embeddable":true,"href":"https:\/\/www.ernstbrunn-apotheke.at\/katalog\/wp-json\/wp\/v2\/product_brand?post=18185"},{"taxonomy":"product_cat","embeddable":true,"href":"https:\/\/www.ernstbrunn-apotheke.at\/katalog\/wp-json\/wp\/v2\/product_cat?post=18185"},{"taxonomy":"product_tag","embeddable":true,"href":"https:\/\/www.ernstbrunn-apotheke.at\/katalog\/wp-json\/wp\/v2\/product_tag?post=18185"}],"curies":[{"name":"wp","href":"https:\/\/api.w.org\/{rel}","templated":true}]}}