{"id":18175,"date":"2025-11-07T18:53:18","date_gmt":"2025-11-07T17:53:18","guid":{"rendered":"https:\/\/www.ernstbrunn-apotheke.at\/katalog\/produkt\/minoxidil-bio-h-tin-20-mg-ml-180-ml\/"},"modified":"2025-12-08T14:04:17","modified_gmt":"2025-12-08T13:04:17","slug":"minoxidil-bio-h-tin-20-mg-ml-180-ml","status":"publish","type":"product","link":"https:\/\/www.ernstbrunn-apotheke.at\/katalog\/produkt\/minoxidil-bio-h-tin-20-mg-ml-180-ml\/","title":{"rendered":"Minoxidil Bio-h-tin 20 mg\/ml 180 ml"},"content":{"rendered":"<p>Minoxidil Bio-h-tin bietet Hilfe bei erblich bedingtem Haarausfall. Dieses hochwirksame Produkt f\u00f6rdert das Nachwachsen der Haare an gelichteten Stellen und unterst\u00fctzt zudem das Wachstum neuer, dickerer und kr\u00e4ftigerer Haare. Besonders gute Erfolge erzielen Sie, wenn Sie bereits fr\u00fchzeitig mit der Therapie beginnen. Dieses Produkt ist in den Gr\u00f6\u00dfen 60 ml und 180 ml erh\u00e4ltlich.<\/p>\n","protected":false},"excerpt":{"rendered":"<p>Minoxidil Bio-h-tin bietet Hilfe bei erblich bedingtem Haarausfall. Dieses hochwirksame Produkt f\u00f6rdert das Nachwachsen der Haare an gelichteten Stellen und unterst\u00fctzt zudem das Wachstum neuer, dickerer und kr\u00e4ftigerer Haare. Besonders gute Erfolge erzielen Sie, wenn Sie bereits fr\u00fchzeitig mit der Therapie beginnen. Dieses Produkt ist in den Gr\u00f6\u00dfen 60 ml und 180 ml erh\u00e4ltlich.<\/p>\n","protected":false},"featured_media":18177,"template":"","meta":{"_acf_changed":false},"product_brand":[634],"product_cat":[800],"product_tag":[],"class_list":{"0":"post-18175","1":"product","2":"type-product","3":"status-publish","4":"has-post-thumbnail","6":"product_brand-bio-h-tin","7":"product_cat-m","8":"pa_packungsgroesse-180ml","10":"first","11":"instock","12":"shipping-taxable","13":"purchasable","14":"product-type-simple"},"acf":[],"_links":{"self":[{"href":"https:\/\/www.ernstbrunn-apotheke.at\/katalog\/wp-json\/wp\/v2\/product\/18175","targetHints":{"allow":["GET"]}}],"collection":[{"href":"https:\/\/www.ernstbrunn-apotheke.at\/katalog\/wp-json\/wp\/v2\/product"}],"about":[{"href":"https:\/\/www.ernstbrunn-apotheke.at\/katalog\/wp-json\/wp\/v2\/types\/product"}],"wp:featuredmedia":[{"embeddable":true,"href":"https:\/\/www.ernstbrunn-apotheke.at\/katalog\/wp-json\/wp\/v2\/media\/18177"}],"wp:attachment":[{"href":"https:\/\/www.ernstbrunn-apotheke.at\/katalog\/wp-json\/wp\/v2\/media?parent=18175"}],"wp:term":[{"taxonomy":"product_brand","embeddable":true,"href":"https:\/\/www.ernstbrunn-apotheke.at\/katalog\/wp-json\/wp\/v2\/product_brand?post=18175"},{"taxonomy":"product_cat","embeddable":true,"href":"https:\/\/www.ernstbrunn-apotheke.at\/katalog\/wp-json\/wp\/v2\/product_cat?post=18175"},{"taxonomy":"product_tag","embeddable":true,"href":"https:\/\/www.ernstbrunn-apotheke.at\/katalog\/wp-json\/wp\/v2\/product_tag?post=18175"}],"curies":[{"name":"wp","href":"https:\/\/api.w.org\/{rel}","templated":true}]}}