{"id":18166,"date":"2025-11-07T18:52:42","date_gmt":"2025-11-07T17:52:42","guid":{"rendered":"https:\/\/www.ernstbrunn-apotheke.at\/katalog\/produkt\/viva-skin-nail-hair-caps-60-stk\/"},"modified":"2025-12-08T14:04:14","modified_gmt":"2025-12-08T13:04:14","slug":"viva-skin-nail-hair-caps-60-stk","status":"publish","type":"product","link":"https:\/\/www.ernstbrunn-apotheke.at\/katalog\/produkt\/viva-skin-nail-hair-caps-60-stk\/","title":{"rendered":"Viva Skin Nail &#038; Hair Caps 60 Stk."},"content":{"rendered":"<p>Viva Skin Hair > Nail Caps versorgen Haarwurzel sowie Fingern\u00e4gel mit wichtigen N\u00e4hr- und Vitalstoffen. F\u00fcr sch\u00f6ne H\u00e4nde, die Bewunderung erregen, und Haare mit F\u00fclle, Glanz und Farbkraft \u2013 jetzt Geld sparen und versandkostenfreie* Lieferung nutzen!<\/p>\n","protected":false},"excerpt":{"rendered":"<p>Viva Skin Hair > Nail Caps versorgen Haarwurzel sowie Fingern\u00e4gel mit wichtigen N\u00e4hr- und Vitalstoffen. F\u00fcr sch\u00f6ne H\u00e4nde, die Bewunderung erregen, und Haare mit F\u00fclle, Glanz und Farbkraft \u2013 jetzt Geld sparen und versandkostenfreie* Lieferung nutzen!<\/p>\n","protected":false},"featured_media":18168,"template":"","meta":{"_acf_changed":false},"product_brand":[],"product_cat":[799],"product_tag":[],"class_list":{"0":"post-18166","1":"product","2":"type-product","3":"status-publish","4":"has-post-thumbnail","6":"product_cat-v","7":"pa_packungsgroesse-60-stueck","9":"first","10":"instock","11":"shipping-taxable","12":"purchasable","13":"product-type-simple"},"acf":[],"_links":{"self":[{"href":"https:\/\/www.ernstbrunn-apotheke.at\/katalog\/wp-json\/wp\/v2\/product\/18166","targetHints":{"allow":["GET"]}}],"collection":[{"href":"https:\/\/www.ernstbrunn-apotheke.at\/katalog\/wp-json\/wp\/v2\/product"}],"about":[{"href":"https:\/\/www.ernstbrunn-apotheke.at\/katalog\/wp-json\/wp\/v2\/types\/product"}],"wp:featuredmedia":[{"embeddable":true,"href":"https:\/\/www.ernstbrunn-apotheke.at\/katalog\/wp-json\/wp\/v2\/media\/18168"}],"wp:attachment":[{"href":"https:\/\/www.ernstbrunn-apotheke.at\/katalog\/wp-json\/wp\/v2\/media?parent=18166"}],"wp:term":[{"taxonomy":"product_brand","embeddable":true,"href":"https:\/\/www.ernstbrunn-apotheke.at\/katalog\/wp-json\/wp\/v2\/product_brand?post=18166"},{"taxonomy":"product_cat","embeddable":true,"href":"https:\/\/www.ernstbrunn-apotheke.at\/katalog\/wp-json\/wp\/v2\/product_cat?post=18166"},{"taxonomy":"product_tag","embeddable":true,"href":"https:\/\/www.ernstbrunn-apotheke.at\/katalog\/wp-json\/wp\/v2\/product_tag?post=18166"}],"curies":[{"name":"wp","href":"https:\/\/api.w.org\/{rel}","templated":true}]}}