{"id":18161,"date":"2025-11-07T18:52:42","date_gmt":"2025-11-07T17:52:42","guid":{"rendered":"https:\/\/www.ernstbrunn-apotheke.at\/katalog\/produkt\/regaine-5-loesung-180-ml\/"},"modified":"2025-12-08T14:04:12","modified_gmt":"2025-12-08T13:04:12","slug":"regaine-5-loesung-180-ml","status":"publish","type":"product","link":"https:\/\/www.ernstbrunn-apotheke.at\/katalog\/produkt\/regaine-5-loesung-180-ml\/","title":{"rendered":"Regaine 5%-L\u00f6sung 180 ml"},"content":{"rendered":"<p>Die energetische Regaine 5%-L\u00f6sung wirkt ererbtem Haarausfall entgegen. Regaine 5%-L\u00f6sung  st\u00e4rkt die Basis, stabilisiert den Haarzyklus und liefert so einen Beitrag zum Wachstum und dem Erhalt von dichterem sowie kr\u00e4ftigerem Haar. Diese L\u00f6sung erhalten Sie in den Packungsgr\u00f6\u00dfen 60 ml und 180 ml.<\/p>\n","protected":false},"excerpt":{"rendered":"<p>Die energetische Regaine 5%-L\u00f6sung wirkt ererbtem Haarausfall entgegen. Regaine 5%-L\u00f6sung st\u00e4rkt die Basis, stabilisiert den Haarzyklus und liefert so einen Beitrag zum Wachstum und dem Erhalt von dichterem sowie kr\u00e4ftigerem Haar. Diese L\u00f6sung erhalten Sie in den Packungsgr\u00f6\u00dfen 60 ml und 180 ml.<\/p>\n","protected":false},"featured_media":18163,"template":"","meta":{"_acf_changed":false},"product_brand":[641],"product_cat":[808],"product_tag":[],"class_list":{"0":"post-18161","1":"product","2":"type-product","3":"status-publish","4":"has-post-thumbnail","6":"product_brand-regaine","7":"product_cat-r","8":"pa_packungsgroesse-180ml","10":"first","11":"instock","12":"shipping-taxable","13":"purchasable","14":"product-type-simple"},"acf":[],"_links":{"self":[{"href":"https:\/\/www.ernstbrunn-apotheke.at\/katalog\/wp-json\/wp\/v2\/product\/18161","targetHints":{"allow":["GET"]}}],"collection":[{"href":"https:\/\/www.ernstbrunn-apotheke.at\/katalog\/wp-json\/wp\/v2\/product"}],"about":[{"href":"https:\/\/www.ernstbrunn-apotheke.at\/katalog\/wp-json\/wp\/v2\/types\/product"}],"wp:featuredmedia":[{"embeddable":true,"href":"https:\/\/www.ernstbrunn-apotheke.at\/katalog\/wp-json\/wp\/v2\/media\/18163"}],"wp:attachment":[{"href":"https:\/\/www.ernstbrunn-apotheke.at\/katalog\/wp-json\/wp\/v2\/media?parent=18161"}],"wp:term":[{"taxonomy":"product_brand","embeddable":true,"href":"https:\/\/www.ernstbrunn-apotheke.at\/katalog\/wp-json\/wp\/v2\/product_brand?post=18161"},{"taxonomy":"product_cat","embeddable":true,"href":"https:\/\/www.ernstbrunn-apotheke.at\/katalog\/wp-json\/wp\/v2\/product_cat?post=18161"},{"taxonomy":"product_tag","embeddable":true,"href":"https:\/\/www.ernstbrunn-apotheke.at\/katalog\/wp-json\/wp\/v2\/product_tag?post=18161"}],"curies":[{"name":"wp","href":"https:\/\/api.w.org\/{rel}","templated":true}]}}