{"id":18140,"date":"2025-11-07T18:51:56","date_gmt":"2025-11-07T17:51:56","guid":{"rendered":"https:\/\/www.ernstbrunn-apotheke.at\/katalog\/produkt\/regaine-2-loesung\/"},"modified":"2025-12-08T14:04:08","modified_gmt":"2025-12-08T13:04:08","slug":"regaine-2-loesung","status":"publish","type":"product","link":"https:\/\/www.ernstbrunn-apotheke.at\/katalog\/produkt\/regaine-2-loesung\/","title":{"rendered":"Regaine 2%-L\u00f6sung"},"content":{"rendered":"<p>Regaine\u00ae dient als Haarwuchsmittel bei erblich bedingtem Haarverlust. Es regt das Wachstum neuer Haare an und wirkt auf diese Weise gegen Haarausfall. Diese L\u00f6sung erhalten Sie in den Packungsgr\u00f6\u00dfen 60 ml und 180 ml.<\/p>\n","protected":false},"excerpt":{"rendered":"<p>Regaine\u00ae dient als Haarwuchsmittel bei erblich bedingtem Haarverlust. Es regt das Wachstum neuer Haare an und wirkt auf diese Weise gegen Haarausfall. Diese L\u00f6sung erhalten Sie in den Packungsgr\u00f6\u00dfen 60 ml und 180 ml.<\/p>\n","protected":false},"featured_media":18142,"template":"","meta":{"_acf_changed":false},"product_brand":[641],"product_cat":[808],"product_tag":[],"class_list":{"0":"post-18140","1":"product","2":"type-product","3":"status-publish","4":"has-post-thumbnail","6":"product_brand-regaine","7":"product_cat-r","8":"pa_packungsgroesse-180ml","9":"pa_packungsgroesse-60ml","11":"first","12":"instock","13":"shipping-taxable","14":"purchasable","15":"product-type-simple"},"acf":[],"_links":{"self":[{"href":"https:\/\/www.ernstbrunn-apotheke.at\/katalog\/wp-json\/wp\/v2\/product\/18140","targetHints":{"allow":["GET"]}}],"collection":[{"href":"https:\/\/www.ernstbrunn-apotheke.at\/katalog\/wp-json\/wp\/v2\/product"}],"about":[{"href":"https:\/\/www.ernstbrunn-apotheke.at\/katalog\/wp-json\/wp\/v2\/types\/product"}],"wp:featuredmedia":[{"embeddable":true,"href":"https:\/\/www.ernstbrunn-apotheke.at\/katalog\/wp-json\/wp\/v2\/media\/18142"}],"wp:attachment":[{"href":"https:\/\/www.ernstbrunn-apotheke.at\/katalog\/wp-json\/wp\/v2\/media?parent=18140"}],"wp:term":[{"taxonomy":"product_brand","embeddable":true,"href":"https:\/\/www.ernstbrunn-apotheke.at\/katalog\/wp-json\/wp\/v2\/product_brand?post=18140"},{"taxonomy":"product_cat","embeddable":true,"href":"https:\/\/www.ernstbrunn-apotheke.at\/katalog\/wp-json\/wp\/v2\/product_cat?post=18140"},{"taxonomy":"product_tag","embeddable":true,"href":"https:\/\/www.ernstbrunn-apotheke.at\/katalog\/wp-json\/wp\/v2\/product_tag?post=18140"}],"curies":[{"name":"wp","href":"https:\/\/api.w.org\/{rel}","templated":true}]}}