{"id":18130,"date":"2025-11-07T18:51:56","date_gmt":"2025-11-07T17:51:56","guid":{"rendered":"https:\/\/www.ernstbrunn-apotheke.at\/katalog\/produkt\/sikapur-softgel-kapseln-30-stk\/"},"modified":"2025-12-08T14:04:07","modified_gmt":"2025-12-08T13:04:07","slug":"sikapur-softgel-kapseln-30-stk","status":"publish","type":"product","link":"https:\/\/www.ernstbrunn-apotheke.at\/katalog\/produkt\/sikapur-softgel-kapseln-30-stk\/","title":{"rendered":"sikapur Softgel Kapseln 30 Stk."},"content":{"rendered":"<p>sikapur\u00ae Softgel Kapseln enthalten Zink, Mangan, Selen und Biotin sowie zus\u00e4tzlich das Spurenelement Silicium in reiner, nat\u00fcrlicher Form als Kiesels\u00e4ure Silicium. F\u00fchren Sie ihrem K\u00f6rper wichtige Spurenelemente in Form dieser Kapseln zu und unterst\u00fctzen Sie damit Ihre Sch\u00f6nheit nachhaltig von innen.<\/p>\n","protected":false},"excerpt":{"rendered":"<p>sikapur\u00ae Softgel Kapseln enthalten Zink, Mangan, Selen und Biotin sowie zus\u00e4tzlich das Spurenelement Silicium in reiner, nat\u00fcrlicher Form als Kiesels\u00e4ure Silicium. F\u00fchren Sie ihrem K\u00f6rper wichtige Spurenelemente in Form dieser Kapseln zu und unterst\u00fctzen Sie damit Ihre Sch\u00f6nheit nachhaltig von innen.<\/p>\n","protected":false},"featured_media":18132,"template":"","meta":{"_acf_changed":false},"product_brand":[],"product_cat":[791],"product_tag":[],"class_list":{"0":"post-18130","1":"product","2":"type-product","3":"status-publish","4":"has-post-thumbnail","6":"product_cat-s","7":"pa_packungsgroesse-30-stueck","9":"first","10":"instock","11":"shipping-taxable","12":"purchasable","13":"product-type-simple"},"acf":[],"_links":{"self":[{"href":"https:\/\/www.ernstbrunn-apotheke.at\/katalog\/wp-json\/wp\/v2\/product\/18130","targetHints":{"allow":["GET"]}}],"collection":[{"href":"https:\/\/www.ernstbrunn-apotheke.at\/katalog\/wp-json\/wp\/v2\/product"}],"about":[{"href":"https:\/\/www.ernstbrunn-apotheke.at\/katalog\/wp-json\/wp\/v2\/types\/product"}],"wp:featuredmedia":[{"embeddable":true,"href":"https:\/\/www.ernstbrunn-apotheke.at\/katalog\/wp-json\/wp\/v2\/media\/18132"}],"wp:attachment":[{"href":"https:\/\/www.ernstbrunn-apotheke.at\/katalog\/wp-json\/wp\/v2\/media?parent=18130"}],"wp:term":[{"taxonomy":"product_brand","embeddable":true,"href":"https:\/\/www.ernstbrunn-apotheke.at\/katalog\/wp-json\/wp\/v2\/product_brand?post=18130"},{"taxonomy":"product_cat","embeddable":true,"href":"https:\/\/www.ernstbrunn-apotheke.at\/katalog\/wp-json\/wp\/v2\/product_cat?post=18130"},{"taxonomy":"product_tag","embeddable":true,"href":"https:\/\/www.ernstbrunn-apotheke.at\/katalog\/wp-json\/wp\/v2\/product_tag?post=18130"}],"curies":[{"name":"wp","href":"https:\/\/api.w.org\/{rel}","templated":true}]}}