{"id":18110,"date":"2025-11-07T18:51:56","date_gmt":"2025-11-07T17:51:56","guid":{"rendered":"https:\/\/www.ernstbrunn-apotheke.at\/katalog\/produkt\/dr-boehm-hyaluron-complex-tabletten-hyaluron-serum-1-pkg\/"},"modified":"2025-12-08T14:04:03","modified_gmt":"2025-12-08T13:04:03","slug":"dr-boehm-hyaluron-complex-tabletten-hyaluron-serum-1-pkg","status":"publish","type":"product","link":"https:\/\/www.ernstbrunn-apotheke.at\/katalog\/produkt\/dr-boehm-hyaluron-complex-tabletten-hyaluron-serum-1-pkg\/","title":{"rendered":"Dr. B\u00f6hm Hyaluron complex Tabletten + Hyaluron Serum 1 Pkg."},"content":{"rendered":"<p>Dr. B\u00f6hm Hyaluron Complex Tabletten + Hyaluron Serum zur Erhaltung einer straffen, sch\u00f6nen Haut und eines festen Bindegewebes. Die Tabletten enthalten die 3 wichtigsten Strukturelemente der Haut: hochdosierte Hyaluron\u00e4ure f\u00fcr glatte Haut, Collagen f\u00fcr die Spannkraft und Proteoglykanen f\u00fcr ein festes Bindegewebe. Das Serum sorgt f\u00fcr eine sofortige Gl\u00e4ttung feiner Linien und F\u00e4ltchen und legt sich wie ein Feuchtigkeitsfilm auf die Hautoberfl\u00e4che, die Haut sieht sofort frischer und glatter aus..<\/p>\n","protected":false},"excerpt":{"rendered":"<p>Dr. B\u00f6hm Hyaluron Complex Tabletten + Hyaluron Serum zur Erhaltung einer straffen, sch\u00f6nen Haut und eines festen Bindegewebes. Die Tabletten enthalten die 3 wichtigsten Strukturelemente der Haut: hochdosierte Hyaluron\u00e4ure f\u00fcr glatte Haut, Collagen f\u00fcr die Spannkraft und Proteoglykanen f\u00fcr ein festes Bindegewebe. Das Serum sorgt f\u00fcr eine sofortige Gl\u00e4ttung feiner Linien und F\u00e4ltchen und legt [&hellip;]<\/p>\n","protected":false},"featured_media":18112,"template":"","meta":{"_acf_changed":false},"product_brand":[365],"product_cat":[792],"product_tag":[],"class_list":{"0":"post-18110","1":"product","2":"type-product","3":"status-publish","4":"has-post-thumbnail","6":"product_brand-dr-boehm","7":"product_cat-d","8":"pa_packungsgroesse-500","10":"first","11":"instock","12":"shipping-taxable","13":"purchasable","14":"product-type-simple"},"acf":[],"_links":{"self":[{"href":"https:\/\/www.ernstbrunn-apotheke.at\/katalog\/wp-json\/wp\/v2\/product\/18110","targetHints":{"allow":["GET"]}}],"collection":[{"href":"https:\/\/www.ernstbrunn-apotheke.at\/katalog\/wp-json\/wp\/v2\/product"}],"about":[{"href":"https:\/\/www.ernstbrunn-apotheke.at\/katalog\/wp-json\/wp\/v2\/types\/product"}],"wp:featuredmedia":[{"embeddable":true,"href":"https:\/\/www.ernstbrunn-apotheke.at\/katalog\/wp-json\/wp\/v2\/media\/18112"}],"wp:attachment":[{"href":"https:\/\/www.ernstbrunn-apotheke.at\/katalog\/wp-json\/wp\/v2\/media?parent=18110"}],"wp:term":[{"taxonomy":"product_brand","embeddable":true,"href":"https:\/\/www.ernstbrunn-apotheke.at\/katalog\/wp-json\/wp\/v2\/product_brand?post=18110"},{"taxonomy":"product_cat","embeddable":true,"href":"https:\/\/www.ernstbrunn-apotheke.at\/katalog\/wp-json\/wp\/v2\/product_cat?post=18110"},{"taxonomy":"product_tag","embeddable":true,"href":"https:\/\/www.ernstbrunn-apotheke.at\/katalog\/wp-json\/wp\/v2\/product_tag?post=18110"}],"curies":[{"name":"wp","href":"https:\/\/api.w.org\/{rel}","templated":true}]}}