{"id":18102,"date":"2025-11-07T18:51:56","date_gmt":"2025-11-07T17:51:56","guid":{"rendered":"https:\/\/www.ernstbrunn-apotheke.at\/katalog\/produkt\/sikapur-liquid-kieselsaeuregel-500-ml\/"},"modified":"2025-12-08T14:04:01","modified_gmt":"2025-12-08T13:04:01","slug":"sikapur-liquid-kieselsaeuregel-500-ml","status":"publish","type":"product","link":"https:\/\/www.ernstbrunn-apotheke.at\/katalog\/produkt\/sikapur-liquid-kieselsaeuregel-500-ml\/","title":{"rendered":"sikapur Liquid Kiesels\u00e4uregel 500 ml"},"content":{"rendered":"<p>sikapur Liquid Kiesels\u00e4uregel ist ein mineralisches Silicium in Form von Kiesels\u00e4ure, welches besonders gut vom K\u00f6rper aufgenommen werden kann. F\u00fcr die Herstellung dieses Gels wurden rein nat\u00fcrliche Inhaltsstoffe aus deutscher Qualit\u00e4tsherstellung verwendet.<\/p>\n","protected":false},"excerpt":{"rendered":"<p>sikapur Liquid Kiesels\u00e4uregel ist ein mineralisches Silicium in Form von Kiesels\u00e4ure, welches besonders gut vom K\u00f6rper aufgenommen werden kann. F\u00fcr die Herstellung dieses Gels wurden rein nat\u00fcrliche Inhaltsstoffe aus deutscher Qualit\u00e4tsherstellung verwendet.<\/p>\n","protected":false},"featured_media":18104,"template":"","meta":{"_acf_changed":false},"product_brand":[],"product_cat":[791],"product_tag":[],"class_list":{"0":"post-18102","1":"product","2":"type-product","3":"status-publish","4":"has-post-thumbnail","6":"product_cat-s","7":"pa_packungsgroesse-500ml","9":"first","10":"instock","11":"shipping-taxable","12":"purchasable","13":"product-type-simple"},"acf":[],"_links":{"self":[{"href":"https:\/\/www.ernstbrunn-apotheke.at\/katalog\/wp-json\/wp\/v2\/product\/18102","targetHints":{"allow":["GET"]}}],"collection":[{"href":"https:\/\/www.ernstbrunn-apotheke.at\/katalog\/wp-json\/wp\/v2\/product"}],"about":[{"href":"https:\/\/www.ernstbrunn-apotheke.at\/katalog\/wp-json\/wp\/v2\/types\/product"}],"wp:featuredmedia":[{"embeddable":true,"href":"https:\/\/www.ernstbrunn-apotheke.at\/katalog\/wp-json\/wp\/v2\/media\/18104"}],"wp:attachment":[{"href":"https:\/\/www.ernstbrunn-apotheke.at\/katalog\/wp-json\/wp\/v2\/media?parent=18102"}],"wp:term":[{"taxonomy":"product_brand","embeddable":true,"href":"https:\/\/www.ernstbrunn-apotheke.at\/katalog\/wp-json\/wp\/v2\/product_brand?post=18102"},{"taxonomy":"product_cat","embeddable":true,"href":"https:\/\/www.ernstbrunn-apotheke.at\/katalog\/wp-json\/wp\/v2\/product_cat?post=18102"},{"taxonomy":"product_tag","embeddable":true,"href":"https:\/\/www.ernstbrunn-apotheke.at\/katalog\/wp-json\/wp\/v2\/product_tag?post=18102"}],"curies":[{"name":"wp","href":"https:\/\/api.w.org\/{rel}","templated":true}]}}