{"id":18058,"date":"2025-11-07T18:50:37","date_gmt":"2025-11-07T17:50:37","guid":{"rendered":"https:\/\/www.ernstbrunn-apotheke.at\/katalog\/produkt\/biogelat-biotin-5-mg-tabletten-100-stk\/"},"modified":"2025-12-08T14:03:51","modified_gmt":"2025-12-08T13:03:51","slug":"biogelat-biotin-5-mg-tabletten-100-stk","status":"publish","type":"product","link":"https:\/\/www.ernstbrunn-apotheke.at\/katalog\/produkt\/biogelat-biotin-5-mg-tabletten-100-stk\/","title":{"rendered":"Biogelat Biotin 5 mg Tabletten 100 Stk."},"content":{"rendered":"<p>Biogelat Biotin 5 mg Tabletten helfen dem K\u00f6rper dabei den Zellstoffwechsel anzukurbeln und die Keratinstruktur zu verbessern. F\u00fcr ges\u00fcndere Haut, Haare und N\u00e4gel.<\/p>\n","protected":false},"excerpt":{"rendered":"<p>Biogelat Biotin 5 mg Tabletten helfen dem K\u00f6rper dabei den Zellstoffwechsel anzukurbeln und die Keratinstruktur zu verbessern. F\u00fcr ges\u00fcndere Haut, Haare und N\u00e4gel.<\/p>\n","protected":false},"featured_media":18060,"template":"","meta":{"_acf_changed":false},"product_brand":[423],"product_cat":[802],"product_tag":[],"class_list":{"0":"post-18058","1":"product","2":"type-product","3":"status-publish","4":"has-post-thumbnail","6":"product_brand-biogelat","7":"product_cat-b","8":"pa_packungsgroesse-100-stueck","9":"pa_packungsgroesse-40-stueck","11":"first","12":"instock","13":"shipping-taxable","14":"purchasable","15":"product-type-variable"},"acf":[],"_links":{"self":[{"href":"https:\/\/www.ernstbrunn-apotheke.at\/katalog\/wp-json\/wp\/v2\/product\/18058","targetHints":{"allow":["GET"]}}],"collection":[{"href":"https:\/\/www.ernstbrunn-apotheke.at\/katalog\/wp-json\/wp\/v2\/product"}],"about":[{"href":"https:\/\/www.ernstbrunn-apotheke.at\/katalog\/wp-json\/wp\/v2\/types\/product"}],"wp:featuredmedia":[{"embeddable":true,"href":"https:\/\/www.ernstbrunn-apotheke.at\/katalog\/wp-json\/wp\/v2\/media\/18060"}],"wp:attachment":[{"href":"https:\/\/www.ernstbrunn-apotheke.at\/katalog\/wp-json\/wp\/v2\/media?parent=18058"}],"wp:term":[{"taxonomy":"product_brand","embeddable":true,"href":"https:\/\/www.ernstbrunn-apotheke.at\/katalog\/wp-json\/wp\/v2\/product_brand?post=18058"},{"taxonomy":"product_cat","embeddable":true,"href":"https:\/\/www.ernstbrunn-apotheke.at\/katalog\/wp-json\/wp\/v2\/product_cat?post=18058"},{"taxonomy":"product_tag","embeddable":true,"href":"https:\/\/www.ernstbrunn-apotheke.at\/katalog\/wp-json\/wp\/v2\/product_tag?post=18058"}],"curies":[{"name":"wp","href":"https:\/\/api.w.org\/{rel}","templated":true}]}}