{"id":18050,"date":"2025-11-07T18:50:37","date_gmt":"2025-11-07T17:50:37","guid":{"rendered":"https:\/\/www.ernstbrunn-apotheke.at\/katalog\/produkt\/signasol-beautiful-skin-28-trinkampullen\/"},"modified":"2025-12-08T14:03:44","modified_gmt":"2025-12-08T13:03:44","slug":"signasol-beautiful-skin-28-trinkampullen","status":"publish","type":"product","link":"https:\/\/www.ernstbrunn-apotheke.at\/katalog\/produkt\/signasol-beautiful-skin-28-trinkampullen\/","title":{"rendered":"Signasol Beautiful Skin 28 Trinkampullen"},"content":{"rendered":"<p>Signasol Beautiful Skin 28 Trinkampullen \u00e1 25 ml ist ein einzigartiger Kollagen-Drink, der sichtbar sch\u00f6ne Haut im Gesicht und am ganzen K\u00f6rper verleiht. Ungeliebte Falten und Cellulite werden reduziert. Die speziellen Kollagen-Peptide sind durch ihr geringes Molekulargewicht besonders gut geeignet, um Haut im Gesicht und am ganzen K\u00f6rper zu straffen. Zus\u00e4tzlich verleihen Vitamine und Mineralstoffe ein sch\u00f6nes Hautbild<\/p>\n","protected":false},"excerpt":{"rendered":"<p>Signasol Beautiful Skin 28 Trinkampullen \u00e1 25 ml ist ein einzigartiger Kollagen-Drink, der sichtbar sch\u00f6ne Haut im Gesicht und am ganzen K\u00f6rper verleiht. Ungeliebte Falten und Cellulite werden reduziert. Die speziellen Kollagen-Peptide sind durch ihr geringes Molekulargewicht besonders gut geeignet, um Haut im Gesicht und am ganzen K\u00f6rper zu straffen. Zus\u00e4tzlich verleihen Vitamine und Mineralstoffe [&hellip;]<\/p>\n","protected":false},"featured_media":18052,"template":"","meta":{"_acf_changed":false},"product_brand":[],"product_cat":[791],"product_tag":[],"class_list":{"0":"post-18050","1":"product","2":"type-product","3":"status-publish","4":"has-post-thumbnail","6":"product_cat-s","7":"pa_packungsgroesse-28-stueck","9":"first","10":"instock","11":"shipping-taxable","12":"purchasable","13":"product-type-simple"},"acf":[],"_links":{"self":[{"href":"https:\/\/www.ernstbrunn-apotheke.at\/katalog\/wp-json\/wp\/v2\/product\/18050","targetHints":{"allow":["GET"]}}],"collection":[{"href":"https:\/\/www.ernstbrunn-apotheke.at\/katalog\/wp-json\/wp\/v2\/product"}],"about":[{"href":"https:\/\/www.ernstbrunn-apotheke.at\/katalog\/wp-json\/wp\/v2\/types\/product"}],"wp:featuredmedia":[{"embeddable":true,"href":"https:\/\/www.ernstbrunn-apotheke.at\/katalog\/wp-json\/wp\/v2\/media\/18052"}],"wp:attachment":[{"href":"https:\/\/www.ernstbrunn-apotheke.at\/katalog\/wp-json\/wp\/v2\/media?parent=18050"}],"wp:term":[{"taxonomy":"product_brand","embeddable":true,"href":"https:\/\/www.ernstbrunn-apotheke.at\/katalog\/wp-json\/wp\/v2\/product_brand?post=18050"},{"taxonomy":"product_cat","embeddable":true,"href":"https:\/\/www.ernstbrunn-apotheke.at\/katalog\/wp-json\/wp\/v2\/product_cat?post=18050"},{"taxonomy":"product_tag","embeddable":true,"href":"https:\/\/www.ernstbrunn-apotheke.at\/katalog\/wp-json\/wp\/v2\/product_tag?post=18050"}],"curies":[{"name":"wp","href":"https:\/\/api.w.org\/{rel}","templated":true}]}}