{"id":18034,"date":"2025-11-07T18:50:37","date_gmt":"2025-11-07T17:50:37","guid":{"rendered":"https:\/\/www.ernstbrunn-apotheke.at\/katalog\/produkt\/bio-h-tin-nagelcreme-8-ml\/"},"modified":"2025-12-08T14:03:29","modified_gmt":"2025-12-08T13:03:29","slug":"bio-h-tin-nagelcreme-8-ml","status":"publish","type":"product","link":"https:\/\/www.ernstbrunn-apotheke.at\/katalog\/produkt\/bio-h-tin-nagelcreme-8-ml\/","title":{"rendered":"Bio-h-tin Nagelcreme 8 ml"},"content":{"rendered":"<p>BIO-H-TIN Nagelcreme versorgt durch ihre einzigartige Kombination von pflegenden und sch\u00fctzenden Inhaltsstoffen wie Chitosan, Panthenol und Phytantriol mit Liposomen und Vitamin H Nagelhaut und N\u00e4gel optimal. Zudem zieht die Creme hervorragend ein und fettet nicht. Die Hautpartien rund um den Fingernagel werden zart und geschmeidig und die N\u00e4gel werden gest\u00e4rkt. Die H\u00e4nde wirken insgesamt sch\u00f6ner und gepflegter..<\/p>\n","protected":false},"excerpt":{"rendered":"<p>BIO-H-TIN Nagelcreme versorgt durch ihre einzigartige Kombination von pflegenden und sch\u00fctzenden Inhaltsstoffen wie Chitosan, Panthenol und Phytantriol mit Liposomen und Vitamin H Nagelhaut und N\u00e4gel optimal. Zudem zieht die Creme hervorragend ein und fettet nicht. Die Hautpartien rund um den Fingernagel werden zart und geschmeidig und die N\u00e4gel werden gest\u00e4rkt. Die H\u00e4nde wirken insgesamt sch\u00f6ner [&hellip;]<\/p>\n","protected":false},"featured_media":18036,"template":"","meta":{"_acf_changed":false},"product_brand":[634],"product_cat":[802],"product_tag":[],"class_list":{"0":"post-18034","1":"product","2":"type-product","3":"status-publish","4":"has-post-thumbnail","6":"product_brand-bio-h-tin","7":"product_cat-b","8":"pa_packungsgroesse-8ml","10":"first","11":"instock","12":"shipping-taxable","13":"purchasable","14":"product-type-simple"},"acf":[],"_links":{"self":[{"href":"https:\/\/www.ernstbrunn-apotheke.at\/katalog\/wp-json\/wp\/v2\/product\/18034","targetHints":{"allow":["GET"]}}],"collection":[{"href":"https:\/\/www.ernstbrunn-apotheke.at\/katalog\/wp-json\/wp\/v2\/product"}],"about":[{"href":"https:\/\/www.ernstbrunn-apotheke.at\/katalog\/wp-json\/wp\/v2\/types\/product"}],"wp:featuredmedia":[{"embeddable":true,"href":"https:\/\/www.ernstbrunn-apotheke.at\/katalog\/wp-json\/wp\/v2\/media\/18036"}],"wp:attachment":[{"href":"https:\/\/www.ernstbrunn-apotheke.at\/katalog\/wp-json\/wp\/v2\/media?parent=18034"}],"wp:term":[{"taxonomy":"product_brand","embeddable":true,"href":"https:\/\/www.ernstbrunn-apotheke.at\/katalog\/wp-json\/wp\/v2\/product_brand?post=18034"},{"taxonomy":"product_cat","embeddable":true,"href":"https:\/\/www.ernstbrunn-apotheke.at\/katalog\/wp-json\/wp\/v2\/product_cat?post=18034"},{"taxonomy":"product_tag","embeddable":true,"href":"https:\/\/www.ernstbrunn-apotheke.at\/katalog\/wp-json\/wp\/v2\/product_tag?post=18034"}],"curies":[{"name":"wp","href":"https:\/\/api.w.org\/{rel}","templated":true}]}}