{"id":17984,"date":"2025-11-07T18:49:27","date_gmt":"2025-11-07T17:49:27","guid":{"rendered":"https:\/\/www.ernstbrunn-apotheke.at\/katalog\/produkt\/hyaluron-activ-tabletten-serum\/"},"modified":"2025-12-08T14:02:58","modified_gmt":"2025-12-08T13:02:58","slug":"hyaluron-activ-tabletten-serum","status":"publish","type":"product","link":"https:\/\/www.ernstbrunn-apotheke.at\/katalog\/produkt\/hyaluron-activ-tabletten-serum\/","title":{"rendered":"Hyaluron activ Tabletten + Serum"},"content":{"rendered":"<p>Die Firma HWS OTC Service GmbH wurde urspr\u00fcnglich in Mariapfarr (Salzburg) gegr\u00fcndet und ist vor 10 Jahren nach Steindorf \u00fcbersiedelt. Unser Erfolg beruht auf langj\u00e4hriger Erfahrung in der Pharma Branche und steter Innovation.Die Firma HWS OTC Service GmbH vertreibt Arzneimittel, Medizinprodukte, Nahrungserg\u00e4nzungsmittel und Kosmetika, wobei der Schwerpunkt bei hom\u00f6opathischen Arzneispezialit\u00e4ten liegt.<\/p>\n","protected":false},"excerpt":{"rendered":"<p>Die Firma HWS OTC Service GmbH wurde urspr\u00fcnglich in Mariapfarr (Salzburg) gegr\u00fcndet und ist vor 10 Jahren nach Steindorf \u00fcbersiedelt. Unser Erfolg beruht auf langj\u00e4hriger Erfahrung in der Pharma Branche und steter Innovation.Die Firma HWS OTC Service GmbH vertreibt Arzneimittel, Medizinprodukte, Nahrungserg\u00e4nzungsmittel und Kosmetika, wobei der Schwerpunkt bei hom\u00f6opathischen Arzneispezialit\u00e4ten liegt.<\/p>\n","protected":false},"featured_media":17986,"template":"","meta":{"_acf_changed":false},"product_brand":[],"product_cat":[805],"product_tag":[],"class_list":{"0":"post-17984","1":"product","2":"type-product","3":"status-publish","4":"has-post-thumbnail","6":"product_cat-h","7":"pa_packungsgroesse-500","9":"first","10":"instock","11":"shipping-taxable","12":"purchasable","13":"product-type-simple"},"acf":[],"_links":{"self":[{"href":"https:\/\/www.ernstbrunn-apotheke.at\/katalog\/wp-json\/wp\/v2\/product\/17984","targetHints":{"allow":["GET"]}}],"collection":[{"href":"https:\/\/www.ernstbrunn-apotheke.at\/katalog\/wp-json\/wp\/v2\/product"}],"about":[{"href":"https:\/\/www.ernstbrunn-apotheke.at\/katalog\/wp-json\/wp\/v2\/types\/product"}],"wp:featuredmedia":[{"embeddable":true,"href":"https:\/\/www.ernstbrunn-apotheke.at\/katalog\/wp-json\/wp\/v2\/media\/17986"}],"wp:attachment":[{"href":"https:\/\/www.ernstbrunn-apotheke.at\/katalog\/wp-json\/wp\/v2\/media?parent=17984"}],"wp:term":[{"taxonomy":"product_brand","embeddable":true,"href":"https:\/\/www.ernstbrunn-apotheke.at\/katalog\/wp-json\/wp\/v2\/product_brand?post=17984"},{"taxonomy":"product_cat","embeddable":true,"href":"https:\/\/www.ernstbrunn-apotheke.at\/katalog\/wp-json\/wp\/v2\/product_cat?post=17984"},{"taxonomy":"product_tag","embeddable":true,"href":"https:\/\/www.ernstbrunn-apotheke.at\/katalog\/wp-json\/wp\/v2\/product_tag?post=17984"}],"curies":[{"name":"wp","href":"https:\/\/api.w.org\/{rel}","templated":true}]}}