{"id":17977,"date":"2025-11-07T18:49:27","date_gmt":"2025-11-07T17:49:27","guid":{"rendered":"https:\/\/www.ernstbrunn-apotheke.at\/katalog\/produkt\/bio-h-tin-5-mg-tabletten-30-stk\/"},"modified":"2025-12-08T14:02:57","modified_gmt":"2025-12-08T13:02:57","slug":"bio-h-tin-5-mg-tabletten-30-stk","status":"publish","type":"product","link":"https:\/\/www.ernstbrunn-apotheke.at\/katalog\/produkt\/bio-h-tin-5-mg-tabletten-30-stk\/","title":{"rendered":"Bio-h-tin 5 mg Tabletten 30 Stk."},"content":{"rendered":"<p>BIO-H-TIN 5 mg Tabletten unterst\u00fctzen das Wachstum gesunder Haare und N\u00e4gel bei d\u00fcnnen, glanzlosen Haaren, Haarausfall sowie bei splitternden und br\u00fcchigen Fingern\u00e4geln.<\/p>\n","protected":false},"excerpt":{"rendered":"<p>BIO-H-TIN 5 mg Tabletten unterst\u00fctzen das Wachstum gesunder Haare und N\u00e4gel bei d\u00fcnnen, glanzlosen Haaren, Haarausfall sowie bei splitternden und br\u00fcchigen Fingern\u00e4geln.<\/p>\n","protected":false},"featured_media":17979,"template":"","meta":{"_acf_changed":false},"product_brand":[634],"product_cat":[802],"product_tag":[],"class_list":{"0":"post-17977","1":"product","2":"type-product","3":"status-publish","4":"has-post-thumbnail","6":"product_brand-bio-h-tin","7":"product_cat-b","8":"pa_packungsgroesse-120-stueck","9":"pa_packungsgroesse-30-stueck","10":"pa_packungsgroesse-60-stueck","12":"first","13":"instock","14":"shipping-taxable","15":"purchasable","16":"product-type-simple"},"acf":[],"_links":{"self":[{"href":"https:\/\/www.ernstbrunn-apotheke.at\/katalog\/wp-json\/wp\/v2\/product\/17977","targetHints":{"allow":["GET"]}}],"collection":[{"href":"https:\/\/www.ernstbrunn-apotheke.at\/katalog\/wp-json\/wp\/v2\/product"}],"about":[{"href":"https:\/\/www.ernstbrunn-apotheke.at\/katalog\/wp-json\/wp\/v2\/types\/product"}],"wp:featuredmedia":[{"embeddable":true,"href":"https:\/\/www.ernstbrunn-apotheke.at\/katalog\/wp-json\/wp\/v2\/media\/17979"}],"wp:attachment":[{"href":"https:\/\/www.ernstbrunn-apotheke.at\/katalog\/wp-json\/wp\/v2\/media?parent=17977"}],"wp:term":[{"taxonomy":"product_brand","embeddable":true,"href":"https:\/\/www.ernstbrunn-apotheke.at\/katalog\/wp-json\/wp\/v2\/product_brand?post=17977"},{"taxonomy":"product_cat","embeddable":true,"href":"https:\/\/www.ernstbrunn-apotheke.at\/katalog\/wp-json\/wp\/v2\/product_cat?post=17977"},{"taxonomy":"product_tag","embeddable":true,"href":"https:\/\/www.ernstbrunn-apotheke.at\/katalog\/wp-json\/wp\/v2\/product_tag?post=17977"}],"curies":[{"name":"wp","href":"https:\/\/api.w.org\/{rel}","templated":true}]}}