{"id":17959,"date":"2025-11-07T18:49:27","date_gmt":"2025-11-07T17:49:27","guid":{"rendered":"https:\/\/www.ernstbrunn-apotheke.at\/katalog\/produkt\/dr-boehm-haut-haare-naegel-tabletten-60-stk\/"},"modified":"2025-12-08T14:02:54","modified_gmt":"2025-12-08T13:02:54","slug":"dr-boehm-haut-haare-naegel-tabletten-60-stk","status":"publish","type":"product","link":"https:\/\/www.ernstbrunn-apotheke.at\/katalog\/produkt\/dr-boehm-haut-haare-naegel-tabletten-60-stk\/","title":{"rendered":"Dr. B\u00f6hm Haut Haare N\u00e4gel Tabletten 60 Stk."},"content":{"rendered":"<p>Dr. B\u00f6hm Haut Haare N\u00e4gel Tabletten sorgen f\u00fcr sch\u00f6ne Haut, kr\u00e4ftiges Haar und feste Fingern\u00e4gel. Sie bieten eine gezielte N\u00e4hrstoffversorgung f\u00fcr die Sch\u00f6nheit von innen und bringen damit mehr Lebensfreude, Jugendlichkeit und Selbstbewusstsein.<\/p>\n","protected":false},"excerpt":{"rendered":"<p>Dr. B\u00f6hm Haut Haare N\u00e4gel Tabletten sorgen f\u00fcr sch\u00f6ne Haut, kr\u00e4ftiges Haar und feste Fingern\u00e4gel. Sie bieten eine gezielte N\u00e4hrstoffversorgung f\u00fcr die Sch\u00f6nheit von innen und bringen damit mehr Lebensfreude, Jugendlichkeit und Selbstbewusstsein.<\/p>\n","protected":false},"featured_media":17961,"template":"","meta":{"_acf_changed":false},"product_brand":[365],"product_cat":[792],"product_tag":[],"class_list":{"0":"post-17959","1":"product","2":"type-product","3":"status-publish","4":"has-post-thumbnail","6":"product_brand-dr-boehm","7":"product_cat-d","8":"pa_packungsgroesse-60-stueck","10":"first","11":"instock","12":"shipping-taxable","13":"purchasable","14":"product-type-simple"},"acf":[],"_links":{"self":[{"href":"https:\/\/www.ernstbrunn-apotheke.at\/katalog\/wp-json\/wp\/v2\/product\/17959","targetHints":{"allow":["GET"]}}],"collection":[{"href":"https:\/\/www.ernstbrunn-apotheke.at\/katalog\/wp-json\/wp\/v2\/product"}],"about":[{"href":"https:\/\/www.ernstbrunn-apotheke.at\/katalog\/wp-json\/wp\/v2\/types\/product"}],"wp:featuredmedia":[{"embeddable":true,"href":"https:\/\/www.ernstbrunn-apotheke.at\/katalog\/wp-json\/wp\/v2\/media\/17961"}],"wp:attachment":[{"href":"https:\/\/www.ernstbrunn-apotheke.at\/katalog\/wp-json\/wp\/v2\/media?parent=17959"}],"wp:term":[{"taxonomy":"product_brand","embeddable":true,"href":"https:\/\/www.ernstbrunn-apotheke.at\/katalog\/wp-json\/wp\/v2\/product_brand?post=17959"},{"taxonomy":"product_cat","embeddable":true,"href":"https:\/\/www.ernstbrunn-apotheke.at\/katalog\/wp-json\/wp\/v2\/product_cat?post=17959"},{"taxonomy":"product_tag","embeddable":true,"href":"https:\/\/www.ernstbrunn-apotheke.at\/katalog\/wp-json\/wp\/v2\/product_tag?post=17959"}],"curies":[{"name":"wp","href":"https:\/\/api.w.org\/{rel}","templated":true}]}}