{"id":17944,"date":"2025-11-07T18:49:14","date_gmt":"2025-11-07T17:49:14","guid":{"rendered":"https:\/\/www.ernstbrunn-apotheke.at\/katalog\/produkt\/formoline-abnehm-power-3fach-1-pkg\/"},"modified":"2025-12-08T14:02:20","modified_gmt":"2025-12-08T13:02:20","slug":"formoline-abnehm-power-3fach-1-pkg","status":"publish","type":"product","link":"https:\/\/www.ernstbrunn-apotheke.at\/katalog\/produkt\/formoline-abnehm-power-3fach-1-pkg\/","title":{"rendered":"Formoline Abnehm-Power-3fach 1 Pkg."},"content":{"rendered":"<p>Formoline Abnehm-Power-3fach kombiniert die wirkungsvollen Produkte formoline L112 und formoline eiwei\u00df-di\u00e4t sowie das formoline Buch zu einem umfassenden Abnehm-Konzept. formoline Abnehm-Power-3fach begleitet Sie ganzheitlich auf Ihrem Weg zu Ihrer Wohlf\u00fchlfigur, mehr Gesundheit und Vitalit\u00e4t. Dieses einzigartige Abnehm-Konzept unterst\u00fctzt Sie beim Abnehmen und gleichzeitig beim Entwickeln einer ges\u00fcnderen Lebensweise f\u00fcr eine dauerhafte Wohlf\u00fchlfigur &#8211; Spitzenprodukte mit hohem Rabatt, direkt zu Ihnen nach Hause geliefert!<\/p>\n","protected":false},"excerpt":{"rendered":"<p>Formoline Abnehm-Power-3fach kombiniert die wirkungsvollen Produkte formoline L112 und formoline eiwei\u00df-di\u00e4t sowie das formoline Buch zu einem umfassenden Abnehm-Konzept. formoline Abnehm-Power-3fach begleitet Sie ganzheitlich auf Ihrem Weg zu Ihrer Wohlf\u00fchlfigur, mehr Gesundheit und Vitalit\u00e4t. Dieses einzigartige Abnehm-Konzept unterst\u00fctzt Sie beim Abnehmen und gleichzeitig beim Entwickeln einer ges\u00fcnderen Lebensweise f\u00fcr eine dauerhafte Wohlf\u00fchlfigur &#8211; Spitzenprodukte mit [&hellip;]<\/p>\n","protected":false},"featured_media":17946,"template":"","meta":{"_acf_changed":false},"product_brand":[621],"product_cat":[809],"product_tag":[],"class_list":{"0":"post-17944","1":"product","2":"type-product","3":"status-publish","4":"has-post-thumbnail","6":"product_brand-formoline","7":"product_cat-f","8":"pa_packungsgroesse-500","10":"first","11":"instock","12":"shipping-taxable","13":"purchasable","14":"product-type-simple"},"acf":[],"_links":{"self":[{"href":"https:\/\/www.ernstbrunn-apotheke.at\/katalog\/wp-json\/wp\/v2\/product\/17944","targetHints":{"allow":["GET"]}}],"collection":[{"href":"https:\/\/www.ernstbrunn-apotheke.at\/katalog\/wp-json\/wp\/v2\/product"}],"about":[{"href":"https:\/\/www.ernstbrunn-apotheke.at\/katalog\/wp-json\/wp\/v2\/types\/product"}],"wp:featuredmedia":[{"embeddable":true,"href":"https:\/\/www.ernstbrunn-apotheke.at\/katalog\/wp-json\/wp\/v2\/media\/17946"}],"wp:attachment":[{"href":"https:\/\/www.ernstbrunn-apotheke.at\/katalog\/wp-json\/wp\/v2\/media?parent=17944"}],"wp:term":[{"taxonomy":"product_brand","embeddable":true,"href":"https:\/\/www.ernstbrunn-apotheke.at\/katalog\/wp-json\/wp\/v2\/product_brand?post=17944"},{"taxonomy":"product_cat","embeddable":true,"href":"https:\/\/www.ernstbrunn-apotheke.at\/katalog\/wp-json\/wp\/v2\/product_cat?post=17944"},{"taxonomy":"product_tag","embeddable":true,"href":"https:\/\/www.ernstbrunn-apotheke.at\/katalog\/wp-json\/wp\/v2\/product_tag?post=17944"}],"curies":[{"name":"wp","href":"https:\/\/api.w.org\/{rel}","templated":true}]}}