{"id":17931,"date":"2025-11-07T18:48:56","date_gmt":"2025-11-07T17:48:56","guid":{"rendered":"https:\/\/www.ernstbrunn-apotheke.at\/katalog\/produkt\/bios-kohlsuppen-kapseln\/"},"modified":"2025-12-08T14:02:14","modified_gmt":"2025-12-08T13:02:14","slug":"bios-kohlsuppen-kapseln","status":"publish","type":"product","link":"https:\/\/www.ernstbrunn-apotheke.at\/katalog\/produkt\/bios-kohlsuppen-kapseln\/","title":{"rendered":"Bios Kohlsuppen Kapseln"},"content":{"rendered":"<p>Bios Kohlsuppen Kapseln beinhalten konzentrierte Gem\u00fcsepulver von Wei\u00dfkohl, Zwiebel, Sellerie und Tomaten sowie K\u00fcmmelpulver in einer Hartgelatinekapsel. Die Gem\u00fcsepulver werden durch schonende Verfahren gewonnen und beinhalten noch alle wertvollen Inhaltsstoffe, die sonst durch lange Kochzeiten unter Umst\u00e4nden verloren gehen.<\/p>\n","protected":false},"excerpt":{"rendered":"<p>Bios Kohlsuppen Kapseln beinhalten konzentrierte Gem\u00fcsepulver von Wei\u00dfkohl, Zwiebel, Sellerie und Tomaten sowie K\u00fcmmelpulver in einer Hartgelatinekapsel. Die Gem\u00fcsepulver werden durch schonende Verfahren gewonnen und beinhalten noch alle wertvollen Inhaltsstoffe, die sonst durch lange Kochzeiten unter Umst\u00e4nden verloren gehen.<\/p>\n","protected":false},"featured_media":17933,"template":"","meta":{"_acf_changed":false},"product_brand":[],"product_cat":[802],"product_tag":[],"class_list":{"0":"post-17931","1":"product","2":"type-product","3":"status-publish","4":"has-post-thumbnail","6":"product_cat-b","7":"pa_packungsgroesse-100-stueck","9":"first","10":"instock","11":"shipping-taxable","12":"purchasable","13":"product-type-simple"},"acf":[],"_links":{"self":[{"href":"https:\/\/www.ernstbrunn-apotheke.at\/katalog\/wp-json\/wp\/v2\/product\/17931","targetHints":{"allow":["GET"]}}],"collection":[{"href":"https:\/\/www.ernstbrunn-apotheke.at\/katalog\/wp-json\/wp\/v2\/product"}],"about":[{"href":"https:\/\/www.ernstbrunn-apotheke.at\/katalog\/wp-json\/wp\/v2\/types\/product"}],"wp:featuredmedia":[{"embeddable":true,"href":"https:\/\/www.ernstbrunn-apotheke.at\/katalog\/wp-json\/wp\/v2\/media\/17933"}],"wp:attachment":[{"href":"https:\/\/www.ernstbrunn-apotheke.at\/katalog\/wp-json\/wp\/v2\/media?parent=17931"}],"wp:term":[{"taxonomy":"product_brand","embeddable":true,"href":"https:\/\/www.ernstbrunn-apotheke.at\/katalog\/wp-json\/wp\/v2\/product_brand?post=17931"},{"taxonomy":"product_cat","embeddable":true,"href":"https:\/\/www.ernstbrunn-apotheke.at\/katalog\/wp-json\/wp\/v2\/product_cat?post=17931"},{"taxonomy":"product_tag","embeddable":true,"href":"https:\/\/www.ernstbrunn-apotheke.at\/katalog\/wp-json\/wp\/v2\/product_tag?post=17931"}],"curies":[{"name":"wp","href":"https:\/\/api.w.org\/{rel}","templated":true}]}}