{"id":17900,"date":"2025-11-07T18:48:35","date_gmt":"2025-11-07T17:48:35","guid":{"rendered":"https:\/\/www.ernstbrunn-apotheke.at\/katalog\/produkt\/life-light-najara-vegan-shake-500-g\/"},"modified":"2025-12-08T14:02:05","modified_gmt":"2025-12-08T13:02:05","slug":"life-light-najara-vegan-shake-500-g","status":"publish","type":"product","link":"https:\/\/www.ernstbrunn-apotheke.at\/katalog\/produkt\/life-light-najara-vegan-shake-500-g\/","title":{"rendered":"Life Light Najara vegan Shake 500 g"},"content":{"rendered":"<p>Life Light Najara vegan Shake ist ideal f\u00fcr eine kalorienarme Ern\u00e4hrung zur Gewichtsverringerung und begleitend zu di\u00e4tetischen Anwendungen. Die besondere N\u00e4hrstoffzusammensetzung ist geeignet, um eine Mahlzeit zu ersetzen.<\/p>\n","protected":false},"excerpt":{"rendered":"<p>Life Light Najara vegan Shake ist ideal f\u00fcr eine kalorienarme Ern\u00e4hrung zur Gewichtsverringerung und begleitend zu di\u00e4tetischen Anwendungen. Die besondere N\u00e4hrstoffzusammensetzung ist geeignet, um eine Mahlzeit zu ersetzen.<\/p>\n","protected":false},"featured_media":17902,"template":"","meta":{"_acf_changed":false},"product_brand":[],"product_cat":[795],"product_tag":[],"class_list":{"0":"post-17900","1":"product","2":"type-product","3":"status-publish","4":"has-post-thumbnail","6":"product_cat-l","7":"pa_packungsgroesse-500g","9":"first","10":"instock","11":"shipping-taxable","12":"purchasable","13":"product-type-simple"},"acf":[],"_links":{"self":[{"href":"https:\/\/www.ernstbrunn-apotheke.at\/katalog\/wp-json\/wp\/v2\/product\/17900","targetHints":{"allow":["GET"]}}],"collection":[{"href":"https:\/\/www.ernstbrunn-apotheke.at\/katalog\/wp-json\/wp\/v2\/product"}],"about":[{"href":"https:\/\/www.ernstbrunn-apotheke.at\/katalog\/wp-json\/wp\/v2\/types\/product"}],"wp:featuredmedia":[{"embeddable":true,"href":"https:\/\/www.ernstbrunn-apotheke.at\/katalog\/wp-json\/wp\/v2\/media\/17902"}],"wp:attachment":[{"href":"https:\/\/www.ernstbrunn-apotheke.at\/katalog\/wp-json\/wp\/v2\/media?parent=17900"}],"wp:term":[{"taxonomy":"product_brand","embeddable":true,"href":"https:\/\/www.ernstbrunn-apotheke.at\/katalog\/wp-json\/wp\/v2\/product_brand?post=17900"},{"taxonomy":"product_cat","embeddable":true,"href":"https:\/\/www.ernstbrunn-apotheke.at\/katalog\/wp-json\/wp\/v2\/product_cat?post=17900"},{"taxonomy":"product_tag","embeddable":true,"href":"https:\/\/www.ernstbrunn-apotheke.at\/katalog\/wp-json\/wp\/v2\/product_tag?post=17900"}],"curies":[{"name":"wp","href":"https:\/\/api.w.org\/{rel}","templated":true}]}}