{"id":17850,"date":"2025-11-07T18:47:41","date_gmt":"2025-11-07T17:47:41","guid":{"rendered":"https:\/\/www.ernstbrunn-apotheke.at\/katalog\/produkt\/acai-350mg-kapseln\/"},"modified":"2025-12-08T14:01:51","modified_gmt":"2025-12-08T13:01:51","slug":"acai-350mg-kapseln","status":"publish","type":"product","link":"https:\/\/www.ernstbrunn-apotheke.at\/katalog\/produkt\/acai-350mg-kapseln\/","title":{"rendered":"Acai 350mg Kapseln"},"content":{"rendered":"<p>Gall Pharma Acai 350 mg Kapseln 60 Stk. enthalten viele Antioxidantien die den menschlichen Organismus vor freien Radikalen und einer vorzeitigen Zellalterung sch\u00fctzen. Calcium ist ein wichtiger Bestandteil menschlicher Knochen und Z\u00e4hne. Durch ihren Gehalt von etwa 133-309 mg Calcium in 100 g, ist die A\u00e7ai-Beere ein nat\u00fcrlicher Calcium-Lieferant und f\u00fcr die Stabilit\u00e4t von Skelett und Z\u00e4hnen wichtig. Das enthaltene Vitamin C st\u00e4rkt zudem das Immunsystem wodurch die Fettverbrennung in den Muskeln angeregt wird. Zus\u00e4tzlich sind die in der A\u00e7ai-Beere enthaltenen Omega-Fetts\u00e4uren sind essentiell f\u00fcr den menschlichen Organismus, denn sie bieten Schutz f\u00fcr das Herz unterst\u00fctzen das gesamte kardiovaskul\u00e4re System &#8211; als Standortapotheke bieten wir Ihnen 100% Sicherheit und ausschlie\u00dflich Originalprodukte!<\/p>\n","protected":false},"excerpt":{"rendered":"<p>Gall Pharma Acai 350 mg Kapseln 60 Stk. enthalten viele Antioxidantien die den menschlichen Organismus vor freien Radikalen und einer vorzeitigen Zellalterung sch\u00fctzen. Calcium ist ein wichtiger Bestandteil menschlicher Knochen und Z\u00e4hne. Durch ihren Gehalt von etwa 133-309 mg Calcium in 100 g, ist die A\u00e7ai-Beere ein nat\u00fcrlicher Calcium-Lieferant und f\u00fcr die Stabilit\u00e4t von Skelett [&hellip;]<\/p>\n","protected":false},"featured_media":17852,"template":"","meta":{"_acf_changed":false},"product_brand":[371],"product_cat":[801],"product_tag":[],"class_list":{"0":"post-17850","1":"product","2":"type-product","3":"status-publish","4":"has-post-thumbnail","6":"product_brand-gall-pharma","7":"product_cat-a","8":"pa_packungsgroesse-60-stueck","10":"first","11":"instock","12":"shipping-taxable","13":"purchasable","14":"product-type-simple"},"acf":[],"_links":{"self":[{"href":"https:\/\/www.ernstbrunn-apotheke.at\/katalog\/wp-json\/wp\/v2\/product\/17850","targetHints":{"allow":["GET"]}}],"collection":[{"href":"https:\/\/www.ernstbrunn-apotheke.at\/katalog\/wp-json\/wp\/v2\/product"}],"about":[{"href":"https:\/\/www.ernstbrunn-apotheke.at\/katalog\/wp-json\/wp\/v2\/types\/product"}],"wp:featuredmedia":[{"embeddable":true,"href":"https:\/\/www.ernstbrunn-apotheke.at\/katalog\/wp-json\/wp\/v2\/media\/17852"}],"wp:attachment":[{"href":"https:\/\/www.ernstbrunn-apotheke.at\/katalog\/wp-json\/wp\/v2\/media?parent=17850"}],"wp:term":[{"taxonomy":"product_brand","embeddable":true,"href":"https:\/\/www.ernstbrunn-apotheke.at\/katalog\/wp-json\/wp\/v2\/product_brand?post=17850"},{"taxonomy":"product_cat","embeddable":true,"href":"https:\/\/www.ernstbrunn-apotheke.at\/katalog\/wp-json\/wp\/v2\/product_cat?post=17850"},{"taxonomy":"product_tag","embeddable":true,"href":"https:\/\/www.ernstbrunn-apotheke.at\/katalog\/wp-json\/wp\/v2\/product_tag?post=17850"}],"curies":[{"name":"wp","href":"https:\/\/api.w.org\/{rel}","templated":true}]}}