{"id":17834,"date":"2025-11-07T18:47:06","date_gmt":"2025-11-07T17:47:06","guid":{"rendered":"https:\/\/www.ernstbrunn-apotheke.at\/katalog\/produkt\/chitosan-kapseln\/"},"modified":"2025-12-08T14:01:48","modified_gmt":"2025-12-08T13:01:48","slug":"chitosan-kapseln","status":"publish","type":"product","link":"https:\/\/www.ernstbrunn-apotheke.at\/katalog\/produkt\/chitosan-kapseln\/","title":{"rendered":"Chitosan Kapseln"},"content":{"rendered":"<p>Gall Pharma Chitosan Kapseln k\u00f6nnen die Fettaufnahme im Magen-Darm-Trakt reduzieren. \u00dcbersch\u00fcssige Fettmolek\u00fcle werden gebunden und ausgeschieden, bevor diese resorbiert werden k\u00f6nnen. Zus\u00e4tzlich kann Chitosan helfen, Verstopfungen vorzubeugen und besitzt au\u00dferdem s\u00e4urebindende Eigenschaften.<\/p>\n","protected":false},"excerpt":{"rendered":"<p>Gall Pharma Chitosan Kapseln k\u00f6nnen die Fettaufnahme im Magen-Darm-Trakt reduzieren. \u00dcbersch\u00fcssige Fettmolek\u00fcle werden gebunden und ausgeschieden, bevor diese resorbiert werden k\u00f6nnen. Zus\u00e4tzlich kann Chitosan helfen, Verstopfungen vorzubeugen und besitzt au\u00dferdem s\u00e4urebindende Eigenschaften.<\/p>\n","protected":false},"featured_media":17836,"template":"","meta":{"_acf_changed":false},"product_brand":[371],"product_cat":[812],"product_tag":[],"class_list":{"0":"post-17834","1":"product","2":"type-product","3":"status-publish","4":"has-post-thumbnail","6":"product_brand-gall-pharma","7":"product_cat-c","8":"pa_packungsgroesse-60-stueck","10":"first","11":"instock","12":"shipping-taxable","13":"purchasable","14":"product-type-simple"},"acf":[],"_links":{"self":[{"href":"https:\/\/www.ernstbrunn-apotheke.at\/katalog\/wp-json\/wp\/v2\/product\/17834","targetHints":{"allow":["GET"]}}],"collection":[{"href":"https:\/\/www.ernstbrunn-apotheke.at\/katalog\/wp-json\/wp\/v2\/product"}],"about":[{"href":"https:\/\/www.ernstbrunn-apotheke.at\/katalog\/wp-json\/wp\/v2\/types\/product"}],"wp:featuredmedia":[{"embeddable":true,"href":"https:\/\/www.ernstbrunn-apotheke.at\/katalog\/wp-json\/wp\/v2\/media\/17836"}],"wp:attachment":[{"href":"https:\/\/www.ernstbrunn-apotheke.at\/katalog\/wp-json\/wp\/v2\/media?parent=17834"}],"wp:term":[{"taxonomy":"product_brand","embeddable":true,"href":"https:\/\/www.ernstbrunn-apotheke.at\/katalog\/wp-json\/wp\/v2\/product_brand?post=17834"},{"taxonomy":"product_cat","embeddable":true,"href":"https:\/\/www.ernstbrunn-apotheke.at\/katalog\/wp-json\/wp\/v2\/product_cat?post=17834"},{"taxonomy":"product_tag","embeddable":true,"href":"https:\/\/www.ernstbrunn-apotheke.at\/katalog\/wp-json\/wp\/v2\/product_tag?post=17834"}],"curies":[{"name":"wp","href":"https:\/\/api.w.org\/{rel}","templated":true}]}}