{"id":17831,"date":"2025-11-07T18:47:06","date_gmt":"2025-11-07T17:47:06","guid":{"rendered":"https:\/\/www.ernstbrunn-apotheke.at\/katalog\/produkt\/figureform-mann-pro-kapseln-90-stk\/"},"modified":"2025-12-08T14:01:46","modified_gmt":"2025-12-08T13:01:46","slug":"figureform-mann-pro-kapseln-90-stk","status":"publish","type":"product","link":"https:\/\/www.ernstbrunn-apotheke.at\/katalog\/produkt\/figureform-mann-pro-kapseln-90-stk\/","title":{"rendered":"Figureform Mann Pro Kapseln 90 Stk."},"content":{"rendered":"<p>Figureform Mann Pro Kapseln zur gezielten Unterst\u00fctzung von Blase und Prostata. Sie steigern Energie und Vitalit\u00e4t und k\u00f6nnen der Vergr\u00f6\u00dferung der Prostata entgegenwirken und die Potenz f\u00f6rdern.<\/p>\n","protected":false},"excerpt":{"rendered":"<p>Figureform Mann Pro Kapseln zur gezielten Unterst\u00fctzung von Blase und Prostata. Sie steigern Energie und Vitalit\u00e4t und k\u00f6nnen der Vergr\u00f6\u00dferung der Prostata entgegenwirken und die Potenz f\u00f6rdern.<\/p>\n","protected":false},"featured_media":17833,"template":"","meta":{"_acf_changed":false},"product_brand":[],"product_cat":[809],"product_tag":[],"class_list":{"0":"post-17831","1":"product","2":"type-product","3":"status-publish","4":"has-post-thumbnail","6":"product_cat-f","7":"pa_packungsgroesse-90-stueck","9":"first","10":"instock","11":"shipping-taxable","12":"purchasable","13":"product-type-simple"},"acf":[],"_links":{"self":[{"href":"https:\/\/www.ernstbrunn-apotheke.at\/katalog\/wp-json\/wp\/v2\/product\/17831","targetHints":{"allow":["GET"]}}],"collection":[{"href":"https:\/\/www.ernstbrunn-apotheke.at\/katalog\/wp-json\/wp\/v2\/product"}],"about":[{"href":"https:\/\/www.ernstbrunn-apotheke.at\/katalog\/wp-json\/wp\/v2\/types\/product"}],"wp:featuredmedia":[{"embeddable":true,"href":"https:\/\/www.ernstbrunn-apotheke.at\/katalog\/wp-json\/wp\/v2\/media\/17833"}],"wp:attachment":[{"href":"https:\/\/www.ernstbrunn-apotheke.at\/katalog\/wp-json\/wp\/v2\/media?parent=17831"}],"wp:term":[{"taxonomy":"product_brand","embeddable":true,"href":"https:\/\/www.ernstbrunn-apotheke.at\/katalog\/wp-json\/wp\/v2\/product_brand?post=17831"},{"taxonomy":"product_cat","embeddable":true,"href":"https:\/\/www.ernstbrunn-apotheke.at\/katalog\/wp-json\/wp\/v2\/product_cat?post=17831"},{"taxonomy":"product_tag","embeddable":true,"href":"https:\/\/www.ernstbrunn-apotheke.at\/katalog\/wp-json\/wp\/v2\/product_tag?post=17831"}],"curies":[{"name":"wp","href":"https:\/\/api.w.org\/{rel}","templated":true}]}}