{"id":17821,"date":"2025-11-07T18:47:06","date_gmt":"2025-11-07T17:47:06","guid":{"rendered":"https:\/\/www.ernstbrunn-apotheke.at\/katalog\/produkt\/guam-algenfango-creme-notte-figurpflege-500-ml\/"},"modified":"2025-12-08T14:01:45","modified_gmt":"2025-12-08T13:01:45","slug":"guam-algenfango-creme-notte-figurpflege-500-ml","status":"publish","type":"product","link":"https:\/\/www.ernstbrunn-apotheke.at\/katalog\/produkt\/guam-algenfango-creme-notte-figurpflege-500-ml\/","title":{"rendered":"Guam Algenfango Creme Notte Figurpflege 500 ml"},"content":{"rendered":"<p>Guam Algenfango Creme Notte Figurpflege wird einfach vor dem Schlafengehen einmassiert. Die Creme erzeugt eine leichte W\u00e4rme sowie ein aktives, angenehmes Prickeln auf der Haut und entfaltet seine nachhaltige Wirkung \u00fcber Nacht w\u00e4hrend des Schlafs.<\/p>\n","protected":false},"excerpt":{"rendered":"<p>Guam Algenfango Creme Notte Figurpflege wird einfach vor dem Schlafengehen einmassiert. Die Creme erzeugt eine leichte W\u00e4rme sowie ein aktives, angenehmes Prickeln auf der Haut und entfaltet seine nachhaltige Wirkung \u00fcber Nacht w\u00e4hrend des Schlafs.<\/p>\n","protected":false},"featured_media":17823,"template":"","meta":{"_acf_changed":false},"product_brand":[],"product_cat":[810],"product_tag":[],"class_list":{"0":"post-17821","1":"product","2":"type-product","3":"status-publish","4":"has-post-thumbnail","6":"product_cat-g","7":"pa_packungsgroesse-500ml","9":"first","10":"instock","11":"shipping-taxable","12":"purchasable","13":"product-type-simple"},"acf":[],"_links":{"self":[{"href":"https:\/\/www.ernstbrunn-apotheke.at\/katalog\/wp-json\/wp\/v2\/product\/17821","targetHints":{"allow":["GET"]}}],"collection":[{"href":"https:\/\/www.ernstbrunn-apotheke.at\/katalog\/wp-json\/wp\/v2\/product"}],"about":[{"href":"https:\/\/www.ernstbrunn-apotheke.at\/katalog\/wp-json\/wp\/v2\/types\/product"}],"wp:featuredmedia":[{"embeddable":true,"href":"https:\/\/www.ernstbrunn-apotheke.at\/katalog\/wp-json\/wp\/v2\/media\/17823"}],"wp:attachment":[{"href":"https:\/\/www.ernstbrunn-apotheke.at\/katalog\/wp-json\/wp\/v2\/media?parent=17821"}],"wp:term":[{"taxonomy":"product_brand","embeddable":true,"href":"https:\/\/www.ernstbrunn-apotheke.at\/katalog\/wp-json\/wp\/v2\/product_brand?post=17821"},{"taxonomy":"product_cat","embeddable":true,"href":"https:\/\/www.ernstbrunn-apotheke.at\/katalog\/wp-json\/wp\/v2\/product_cat?post=17821"},{"taxonomy":"product_tag","embeddable":true,"href":"https:\/\/www.ernstbrunn-apotheke.at\/katalog\/wp-json\/wp\/v2\/product_tag?post=17821"}],"curies":[{"name":"wp","href":"https:\/\/api.w.org\/{rel}","templated":true}]}}