{"id":17813,"date":"2025-11-07T18:47:06","date_gmt":"2025-11-07T17:47:06","guid":{"rendered":"https:\/\/www.ernstbrunn-apotheke.at\/katalog\/produkt\/topinambur-plus-tropfen\/"},"modified":"2025-12-08T14:01:43","modified_gmt":"2025-12-08T13:01:43","slug":"topinambur-plus-tropfen","status":"publish","type":"product","link":"https:\/\/www.ernstbrunn-apotheke.at\/katalog\/produkt\/topinambur-plus-tropfen\/","title":{"rendered":"Topinambur plus Tropfen"},"content":{"rendered":"<p>Gall Pharma Topinambur Plus Tropfen enthalten zus\u00e4tzlich zu dem bew\u00e4hrten Auszug aus der Topinamburknolle noch L-Carnitin, Cholinchlorid und Inositol. L-Carnitin f\u00f6rdert die Fettverbrennung, speziell aus k\u00f6rpereigenen Fettdepots. Cholinchlorid ist verantwortlich f\u00fcr die Verbrennung freier Fetts\u00e4uren. Inositol unterst\u00fctzt die Fettverwertung, speziell in der Leber. Dieses Produkt erhalten Sie in den Gr\u00f6\u00dfen 50 ml und 100 ml.<\/p>\n","protected":false},"excerpt":{"rendered":"<p>Gall Pharma Topinambur Plus Tropfen enthalten zus\u00e4tzlich zu dem bew\u00e4hrten Auszug aus der Topinamburknolle noch L-Carnitin, Cholinchlorid und Inositol. L-Carnitin f\u00f6rdert die Fettverbrennung, speziell aus k\u00f6rpereigenen Fettdepots. Cholinchlorid ist verantwortlich f\u00fcr die Verbrennung freier Fetts\u00e4uren. Inositol unterst\u00fctzt die Fettverwertung, speziell in der Leber. Dieses Produkt erhalten Sie in den Gr\u00f6\u00dfen 50 ml und 100 ml.<\/p>\n","protected":false},"featured_media":17815,"template":"","meta":{"_acf_changed":false},"product_brand":[371],"product_cat":[798],"product_tag":[],"class_list":{"0":"post-17813","1":"product","2":"type-product","3":"status-publish","4":"has-post-thumbnail","6":"product_brand-gall-pharma","7":"product_cat-t","8":"pa_packungsgroesse-100ml","9":"pa_packungsgroesse-50ml","11":"first","12":"instock","13":"shipping-taxable","14":"purchasable","15":"product-type-simple"},"acf":[],"_links":{"self":[{"href":"https:\/\/www.ernstbrunn-apotheke.at\/katalog\/wp-json\/wp\/v2\/product\/17813","targetHints":{"allow":["GET"]}}],"collection":[{"href":"https:\/\/www.ernstbrunn-apotheke.at\/katalog\/wp-json\/wp\/v2\/product"}],"about":[{"href":"https:\/\/www.ernstbrunn-apotheke.at\/katalog\/wp-json\/wp\/v2\/types\/product"}],"wp:featuredmedia":[{"embeddable":true,"href":"https:\/\/www.ernstbrunn-apotheke.at\/katalog\/wp-json\/wp\/v2\/media\/17815"}],"wp:attachment":[{"href":"https:\/\/www.ernstbrunn-apotheke.at\/katalog\/wp-json\/wp\/v2\/media?parent=17813"}],"wp:term":[{"taxonomy":"product_brand","embeddable":true,"href":"https:\/\/www.ernstbrunn-apotheke.at\/katalog\/wp-json\/wp\/v2\/product_brand?post=17813"},{"taxonomy":"product_cat","embeddable":true,"href":"https:\/\/www.ernstbrunn-apotheke.at\/katalog\/wp-json\/wp\/v2\/product_cat?post=17813"},{"taxonomy":"product_tag","embeddable":true,"href":"https:\/\/www.ernstbrunn-apotheke.at\/katalog\/wp-json\/wp\/v2\/product_tag?post=17813"}],"curies":[{"name":"wp","href":"https:\/\/api.w.org\/{rel}","templated":true}]}}