{"id":17751,"date":"2025-11-07T18:46:01","date_gmt":"2025-11-07T17:46:01","guid":{"rendered":"https:\/\/www.ernstbrunn-apotheke.at\/katalog\/produkt\/acai-kapseln-60-stk\/"},"modified":"2025-12-08T14:01:28","modified_gmt":"2025-12-08T13:01:28","slug":"acai-kapseln-60-stk","status":"publish","type":"product","link":"https:\/\/www.ernstbrunn-apotheke.at\/katalog\/produkt\/acai-kapseln-60-stk\/","title":{"rendered":"Acai Kapseln 60 Stk."},"content":{"rendered":"<p>Acai Kapseln steigern das allgemeine Wohlbefinden und k\u00f6nnen eine &#8222;Anti-Ageing-Wirkung&#8220; bewirken. Die wichtigsten Inhaltstoffe der Acaifrucht sind Antioxidantien, welche die die F\u00e4higkeit besitzen, sogenannte freie Radikale im K\u00f6rper zu bek\u00e4mpfen. Diese Acaikapseln enthalten einen Extrakt bester Qualit\u00e4t, bei dem die Qualit\u00e4tskontrolle h\u00e4ndisch erfolgt.<\/p>\n","protected":false},"excerpt":{"rendered":"<p>Acai Kapseln steigern das allgemeine Wohlbefinden und k\u00f6nnen eine &#8222;Anti-Ageing-Wirkung&#8220; bewirken. Die wichtigsten Inhaltstoffe der Acaifrucht sind Antioxidantien, welche die die F\u00e4higkeit besitzen, sogenannte freie Radikale im K\u00f6rper zu bek\u00e4mpfen. Diese Acaikapseln enthalten einen Extrakt bester Qualit\u00e4t, bei dem die Qualit\u00e4tskontrolle h\u00e4ndisch erfolgt.<\/p>\n","protected":false},"featured_media":17753,"template":"","meta":{"_acf_changed":false},"product_brand":[],"product_cat":[801],"product_tag":[],"class_list":{"0":"post-17751","1":"product","2":"type-product","3":"status-publish","4":"has-post-thumbnail","6":"product_cat-a","7":"pa_packungsgroesse-60-stueck","9":"first","10":"instock","11":"shipping-taxable","12":"purchasable","13":"product-type-simple"},"acf":[],"_links":{"self":[{"href":"https:\/\/www.ernstbrunn-apotheke.at\/katalog\/wp-json\/wp\/v2\/product\/17751","targetHints":{"allow":["GET"]}}],"collection":[{"href":"https:\/\/www.ernstbrunn-apotheke.at\/katalog\/wp-json\/wp\/v2\/product"}],"about":[{"href":"https:\/\/www.ernstbrunn-apotheke.at\/katalog\/wp-json\/wp\/v2\/types\/product"}],"wp:featuredmedia":[{"embeddable":true,"href":"https:\/\/www.ernstbrunn-apotheke.at\/katalog\/wp-json\/wp\/v2\/media\/17753"}],"wp:attachment":[{"href":"https:\/\/www.ernstbrunn-apotheke.at\/katalog\/wp-json\/wp\/v2\/media?parent=17751"}],"wp:term":[{"taxonomy":"product_brand","embeddable":true,"href":"https:\/\/www.ernstbrunn-apotheke.at\/katalog\/wp-json\/wp\/v2\/product_brand?post=17751"},{"taxonomy":"product_cat","embeddable":true,"href":"https:\/\/www.ernstbrunn-apotheke.at\/katalog\/wp-json\/wp\/v2\/product_cat?post=17751"},{"taxonomy":"product_tag","embeddable":true,"href":"https:\/\/www.ernstbrunn-apotheke.at\/katalog\/wp-json\/wp\/v2\/product_tag?post=17751"}],"curies":[{"name":"wp","href":"https:\/\/api.w.org\/{rel}","templated":true}]}}