{"id":17708,"date":"2025-11-07T18:44:56","date_gmt":"2025-11-07T17:44:56","guid":{"rendered":"https:\/\/www.ernstbrunn-apotheke.at\/katalog\/produkt\/modifast-programm-drink-55-g-8-stk-kaffee\/"},"modified":"2025-12-08T14:03:06","modified_gmt":"2025-12-08T13:03:06","slug":"modifast-programm-drink-55-g-8-stk-kaffee","status":"publish","type":"product","link":"https:\/\/www.ernstbrunn-apotheke.at\/katalog\/produkt\/modifast-programm-drink-55-g-8-stk-kaffee\/","title":{"rendered":"Modifast Programm Drink 55 g 8 Stk. Kaffee"},"content":{"rendered":"<p>modifast\u00ae ist eine Di\u00e4t nach LCD-Standard (Low Calorie Diet), die von Di\u00e4t-Experten entwickelt wurde und die individuellen Bed\u00fcrfnisse optimal ber\u00fccksichtigt. Der t\u00e4gliche Bedarf eines Erwachsenen betr\u00e4gt > 2.000 kcal pro Tag. Innerhalb jeder kalorienreduzierten Ern\u00e4hrung kann modifast\u00ae zur Gewichtsabnahme angewendet werden.<\/p>\n","protected":false},"excerpt":{"rendered":"<p>modifast\u00ae ist eine Di\u00e4t nach LCD-Standard (Low Calorie Diet), die von Di\u00e4t-Experten entwickelt wurde und die individuellen Bed\u00fcrfnisse optimal ber\u00fccksichtigt. Der t\u00e4gliche Bedarf eines Erwachsenen betr\u00e4gt > 2.000 kcal pro Tag. Innerhalb jeder kalorienreduzierten Ern\u00e4hrung kann modifast\u00ae zur Gewichtsabnahme angewendet werden.<\/p>\n","protected":false},"featured_media":17710,"template":"","meta":{"_acf_changed":false},"product_brand":[],"product_cat":[800],"product_tag":[],"class_list":{"0":"post-17708","1":"product","2":"type-product","3":"status-publish","4":"has-post-thumbnail","6":"product_cat-m","7":"pa_geschmack-himbeer","8":"pa_geschmack-kakao","9":"pa_geschmack-schoko","10":"pa_geschmack-vanille","11":"pa_packungsgroesse-8-beutel","13":"first","14":"instock","15":"shipping-taxable","16":"purchasable","17":"product-type-variable"},"acf":[],"_links":{"self":[{"href":"https:\/\/www.ernstbrunn-apotheke.at\/katalog\/wp-json\/wp\/v2\/product\/17708","targetHints":{"allow":["GET"]}}],"collection":[{"href":"https:\/\/www.ernstbrunn-apotheke.at\/katalog\/wp-json\/wp\/v2\/product"}],"about":[{"href":"https:\/\/www.ernstbrunn-apotheke.at\/katalog\/wp-json\/wp\/v2\/types\/product"}],"wp:featuredmedia":[{"embeddable":true,"href":"https:\/\/www.ernstbrunn-apotheke.at\/katalog\/wp-json\/wp\/v2\/media\/17710"}],"wp:attachment":[{"href":"https:\/\/www.ernstbrunn-apotheke.at\/katalog\/wp-json\/wp\/v2\/media?parent=17708"}],"wp:term":[{"taxonomy":"product_brand","embeddable":true,"href":"https:\/\/www.ernstbrunn-apotheke.at\/katalog\/wp-json\/wp\/v2\/product_brand?post=17708"},{"taxonomy":"product_cat","embeddable":true,"href":"https:\/\/www.ernstbrunn-apotheke.at\/katalog\/wp-json\/wp\/v2\/product_cat?post=17708"},{"taxonomy":"product_tag","embeddable":true,"href":"https:\/\/www.ernstbrunn-apotheke.at\/katalog\/wp-json\/wp\/v2\/product_tag?post=17708"}],"curies":[{"name":"wp","href":"https:\/\/api.w.org\/{rel}","templated":true}]}}