{"id":17687,"date":"2025-11-07T18:44:30","date_gmt":"2025-11-07T17:44:30","guid":{"rendered":"https:\/\/www.ernstbrunn-apotheke.at\/katalog\/produkt\/algavital-chrom-picolinat-tabletten-100-stk\/"},"modified":"2025-12-08T14:01:13","modified_gmt":"2025-12-08T13:01:13","slug":"algavital-chrom-picolinat-tabletten-100-stk","status":"publish","type":"product","link":"https:\/\/www.ernstbrunn-apotheke.at\/katalog\/produkt\/algavital-chrom-picolinat-tabletten-100-stk\/","title":{"rendered":"Algavital Chrom Picolinat Tabletten 100 Stk."},"content":{"rendered":"<p>Algavital Chrom Picolinat Tabletten stabilisiert den Blutzucker und reduziert damit das Verlangen nach Zucker. Au\u00dferdem kann Chrom die Speicherung von Fett stoppen. Deshalb ist es unerl\u00e4sslich f\u00fcr eine gesunde Lebensweise. Dieses essentielle Mineral h\u00e4lt aufgrund seiner Verwertung von Insulin den Blutzuckergehalt stabil und kann deshalb f\u00fcr Menschen mit Diabetes oder Unterzuckerung hilfreich sein.<\/p>\n","protected":false},"excerpt":{"rendered":"<p>Algavital Chrom Picolinat Tabletten stabilisiert den Blutzucker und reduziert damit das Verlangen nach Zucker. Au\u00dferdem kann Chrom die Speicherung von Fett stoppen. Deshalb ist es unerl\u00e4sslich f\u00fcr eine gesunde Lebensweise. Dieses essentielle Mineral h\u00e4lt aufgrund seiner Verwertung von Insulin den Blutzuckergehalt stabil und kann deshalb f\u00fcr Menschen mit Diabetes oder Unterzuckerung hilfreich sein.<\/p>\n","protected":false},"featured_media":17689,"template":"","meta":{"_acf_changed":false},"product_brand":[],"product_cat":[801],"product_tag":[],"class_list":{"0":"post-17687","1":"product","2":"type-product","3":"status-publish","4":"has-post-thumbnail","6":"product_cat-a","7":"pa_packungsgroesse-100-stueck","9":"first","10":"instock","11":"shipping-taxable","12":"purchasable","13":"product-type-simple"},"acf":[],"_links":{"self":[{"href":"https:\/\/www.ernstbrunn-apotheke.at\/katalog\/wp-json\/wp\/v2\/product\/17687","targetHints":{"allow":["GET"]}}],"collection":[{"href":"https:\/\/www.ernstbrunn-apotheke.at\/katalog\/wp-json\/wp\/v2\/product"}],"about":[{"href":"https:\/\/www.ernstbrunn-apotheke.at\/katalog\/wp-json\/wp\/v2\/types\/product"}],"wp:featuredmedia":[{"embeddable":true,"href":"https:\/\/www.ernstbrunn-apotheke.at\/katalog\/wp-json\/wp\/v2\/media\/17689"}],"wp:attachment":[{"href":"https:\/\/www.ernstbrunn-apotheke.at\/katalog\/wp-json\/wp\/v2\/media?parent=17687"}],"wp:term":[{"taxonomy":"product_brand","embeddable":true,"href":"https:\/\/www.ernstbrunn-apotheke.at\/katalog\/wp-json\/wp\/v2\/product_brand?post=17687"},{"taxonomy":"product_cat","embeddable":true,"href":"https:\/\/www.ernstbrunn-apotheke.at\/katalog\/wp-json\/wp\/v2\/product_cat?post=17687"},{"taxonomy":"product_tag","embeddable":true,"href":"https:\/\/www.ernstbrunn-apotheke.at\/katalog\/wp-json\/wp\/v2\/product_tag?post=17687"}],"curies":[{"name":"wp","href":"https:\/\/api.w.org\/{rel}","templated":true}]}}