{"id":17677,"date":"2025-11-07T18:44:30","date_gmt":"2025-11-07T17:44:30","guid":{"rendered":"https:\/\/www.ernstbrunn-apotheke.at\/katalog\/produkt\/burgerstein-l-carnitin-tabletten-100-stk\/"},"modified":"2025-12-08T14:01:10","modified_gmt":"2025-12-08T13:01:10","slug":"burgerstein-l-carnitin-tabletten-100-stk","status":"publish","type":"product","link":"https:\/\/www.ernstbrunn-apotheke.at\/katalog\/produkt\/burgerstein-l-carnitin-tabletten-100-stk\/","title":{"rendered":"Burgerstein L-Carnitin Tabletten 100 Stk."},"content":{"rendered":"<p>Burgerstein L-Carnitin ist wichtig f\u00fcr den Energiestoffwechsel und die Ausdauerleistung bei Sportlern, unterst\u00fctzt die Regeneration und dient dem Transport der Fette (Fetts\u00e4uren) und erm\u00f6glicht deren optimale Verbrennung.<\/p>\n","protected":false},"excerpt":{"rendered":"<p>Burgerstein L-Carnitin ist wichtig f\u00fcr den Energiestoffwechsel und die Ausdauerleistung bei Sportlern, unterst\u00fctzt die Regeneration und dient dem Transport der Fette (Fetts\u00e4uren) und erm\u00f6glicht deren optimale Verbrennung.<\/p>\n","protected":false},"featured_media":17679,"template":"","meta":{"_acf_changed":false},"product_brand":[446],"product_cat":[802],"product_tag":[],"class_list":{"0":"post-17677","1":"product","2":"type-product","3":"status-publish","4":"has-post-thumbnail","6":"product_brand-burgerstein","7":"product_cat-b","8":"pa_packungsgroesse-100-stueck","10":"first","11":"instock","12":"shipping-taxable","13":"purchasable","14":"product-type-simple"},"acf":[],"_links":{"self":[{"href":"https:\/\/www.ernstbrunn-apotheke.at\/katalog\/wp-json\/wp\/v2\/product\/17677","targetHints":{"allow":["GET"]}}],"collection":[{"href":"https:\/\/www.ernstbrunn-apotheke.at\/katalog\/wp-json\/wp\/v2\/product"}],"about":[{"href":"https:\/\/www.ernstbrunn-apotheke.at\/katalog\/wp-json\/wp\/v2\/types\/product"}],"wp:featuredmedia":[{"embeddable":true,"href":"https:\/\/www.ernstbrunn-apotheke.at\/katalog\/wp-json\/wp\/v2\/media\/17679"}],"wp:attachment":[{"href":"https:\/\/www.ernstbrunn-apotheke.at\/katalog\/wp-json\/wp\/v2\/media?parent=17677"}],"wp:term":[{"taxonomy":"product_brand","embeddable":true,"href":"https:\/\/www.ernstbrunn-apotheke.at\/katalog\/wp-json\/wp\/v2\/product_brand?post=17677"},{"taxonomy":"product_cat","embeddable":true,"href":"https:\/\/www.ernstbrunn-apotheke.at\/katalog\/wp-json\/wp\/v2\/product_cat?post=17677"},{"taxonomy":"product_tag","embeddable":true,"href":"https:\/\/www.ernstbrunn-apotheke.at\/katalog\/wp-json\/wp\/v2\/product_tag?post=17677"}],"curies":[{"name":"wp","href":"https:\/\/api.w.org\/{rel}","templated":true}]}}