{"id":17608,"date":"2025-11-07T18:43:16","date_gmt":"2025-11-07T17:43:16","guid":{"rendered":"https:\/\/www.ernstbrunn-apotheke.at\/katalog\/produkt\/dr-grubers-chrom-chelat-tabletten\/"},"modified":"2025-12-08T14:00:48","modified_gmt":"2025-12-08T13:00:48","slug":"dr-grubers-chrom-chelat-tabletten","status":"publish","type":"product","link":"https:\/\/www.ernstbrunn-apotheke.at\/katalog\/produkt\/dr-grubers-chrom-chelat-tabletten\/","title":{"rendered":"Dr. Grubers Chrom Chelat Tabletten"},"content":{"rendered":"<p>Dasessentielle Spurenelement Chrom tr\u00e4gt zu einem normalen Stoffwechsel vonMakron\u00e4hrstoffen bei, ist als Glukosetoleranzfaktor (Insulin) f\u00fcr dieAufrechterhaltung eines normalen Blutzuckerspiegels unerl\u00e4sslich und spielteine wichtige Rolle im Cholesterinstoffwechsel<\/p>\n","protected":false},"excerpt":{"rendered":"<p>Dasessentielle Spurenelement Chrom tr\u00e4gt zu einem normalen Stoffwechsel vonMakron\u00e4hrstoffen bei, ist als Glukosetoleranzfaktor (Insulin) f\u00fcr dieAufrechterhaltung eines normalen Blutzuckerspiegels unerl\u00e4sslich und spielteine wichtige Rolle im Cholesterinstoffwechsel<\/p>\n","protected":false},"featured_media":17610,"template":"","meta":{"_acf_changed":false},"product_brand":[],"product_cat":[792],"product_tag":[],"class_list":{"0":"post-17608","1":"product","2":"type-product","3":"status-publish","4":"has-post-thumbnail","6":"product_cat-d","7":"pa_farbe-beige-weiss","8":"pa_geschmack-neutral","9":"pa_packungsgroesse-50-stueck","11":"first","12":"instock","13":"shipping-taxable","14":"purchasable","15":"product-type-simple"},"acf":[],"_links":{"self":[{"href":"https:\/\/www.ernstbrunn-apotheke.at\/katalog\/wp-json\/wp\/v2\/product\/17608","targetHints":{"allow":["GET"]}}],"collection":[{"href":"https:\/\/www.ernstbrunn-apotheke.at\/katalog\/wp-json\/wp\/v2\/product"}],"about":[{"href":"https:\/\/www.ernstbrunn-apotheke.at\/katalog\/wp-json\/wp\/v2\/types\/product"}],"wp:featuredmedia":[{"embeddable":true,"href":"https:\/\/www.ernstbrunn-apotheke.at\/katalog\/wp-json\/wp\/v2\/media\/17610"}],"wp:attachment":[{"href":"https:\/\/www.ernstbrunn-apotheke.at\/katalog\/wp-json\/wp\/v2\/media?parent=17608"}],"wp:term":[{"taxonomy":"product_brand","embeddable":true,"href":"https:\/\/www.ernstbrunn-apotheke.at\/katalog\/wp-json\/wp\/v2\/product_brand?post=17608"},{"taxonomy":"product_cat","embeddable":true,"href":"https:\/\/www.ernstbrunn-apotheke.at\/katalog\/wp-json\/wp\/v2\/product_cat?post=17608"},{"taxonomy":"product_tag","embeddable":true,"href":"https:\/\/www.ernstbrunn-apotheke.at\/katalog\/wp-json\/wp\/v2\/product_tag?post=17608"}],"curies":[{"name":"wp","href":"https:\/\/api.w.org\/{rel}","templated":true}]}}