{"id":17567,"date":"2025-11-07T18:42:45","date_gmt":"2025-11-07T17:42:45","guid":{"rendered":"https:\/\/www.ernstbrunn-apotheke.at\/katalog\/produkt\/formoline-mannan-kapseln-60-stk\/"},"modified":"2025-12-08T14:00:40","modified_gmt":"2025-12-08T13:00:40","slug":"formoline-mannan-kapseln-60-stk","status":"publish","type":"product","link":"https:\/\/www.ernstbrunn-apotheke.at\/katalog\/produkt\/formoline-mannan-kapseln-60-stk\/","title":{"rendered":"Formoline Mannan Kapseln 60 Stk."},"content":{"rendered":"<p>Formoline Mannan Kapseln helfen Ihnen bei der Di\u00e4t im Kampf gegen das \u00dcbergewicht und unterst\u00fctzen eine cholesterinbewusste Ern\u00e4hrung. formoline mannan enth\u00e4lt die aus S\u00fcdostasien stammende Konjak-Wurzel, eine Pflanze, die dort bereits seit Jahrhunderten als Lebens- und Heilmittel gesch\u00e4tzt wird. Ihre Quellf\u00e4higkeit und die damit verbundene s\u00e4ttigende Wirkung sind in Asien seit langem bekannt.<\/p>\n","protected":false},"excerpt":{"rendered":"<p>Formoline Mannan Kapseln helfen Ihnen bei der Di\u00e4t im Kampf gegen das \u00dcbergewicht und unterst\u00fctzen eine cholesterinbewusste Ern\u00e4hrung. formoline mannan enth\u00e4lt die aus S\u00fcdostasien stammende Konjak-Wurzel, eine Pflanze, die dort bereits seit Jahrhunderten als Lebens- und Heilmittel gesch\u00e4tzt wird. Ihre Quellf\u00e4higkeit und die damit verbundene s\u00e4ttigende Wirkung sind in Asien seit langem bekannt.<\/p>\n","protected":false},"featured_media":17569,"template":"","meta":{"_acf_changed":false},"product_brand":[621],"product_cat":[809],"product_tag":[],"class_list":{"0":"post-17567","1":"product","2":"type-product","3":"status-publish","4":"has-post-thumbnail","6":"product_brand-formoline","7":"product_cat-f","8":"pa_packungsgroesse-60-stueck","10":"first","11":"instock","12":"shipping-taxable","13":"purchasable","14":"product-type-simple"},"acf":[],"_links":{"self":[{"href":"https:\/\/www.ernstbrunn-apotheke.at\/katalog\/wp-json\/wp\/v2\/product\/17567","targetHints":{"allow":["GET"]}}],"collection":[{"href":"https:\/\/www.ernstbrunn-apotheke.at\/katalog\/wp-json\/wp\/v2\/product"}],"about":[{"href":"https:\/\/www.ernstbrunn-apotheke.at\/katalog\/wp-json\/wp\/v2\/types\/product"}],"wp:featuredmedia":[{"embeddable":true,"href":"https:\/\/www.ernstbrunn-apotheke.at\/katalog\/wp-json\/wp\/v2\/media\/17569"}],"wp:attachment":[{"href":"https:\/\/www.ernstbrunn-apotheke.at\/katalog\/wp-json\/wp\/v2\/media?parent=17567"}],"wp:term":[{"taxonomy":"product_brand","embeddable":true,"href":"https:\/\/www.ernstbrunn-apotheke.at\/katalog\/wp-json\/wp\/v2\/product_brand?post=17567"},{"taxonomy":"product_cat","embeddable":true,"href":"https:\/\/www.ernstbrunn-apotheke.at\/katalog\/wp-json\/wp\/v2\/product_cat?post=17567"},{"taxonomy":"product_tag","embeddable":true,"href":"https:\/\/www.ernstbrunn-apotheke.at\/katalog\/wp-json\/wp\/v2\/product_tag?post=17567"}],"curies":[{"name":"wp","href":"https:\/\/api.w.org\/{rel}","templated":true}]}}