{"id":17495,"date":"2025-11-07T18:41:31","date_gmt":"2025-11-07T17:41:31","guid":{"rendered":"https:\/\/www.ernstbrunn-apotheke.at\/katalog\/produkt\/apoday-slim-450-g-vanilla\/"},"modified":"2025-12-08T14:00:18","modified_gmt":"2025-12-08T13:00:18","slug":"apoday-slim-450-g-vanilla","status":"publish","type":"product","link":"https:\/\/www.ernstbrunn-apotheke.at\/katalog\/produkt\/apoday-slim-450-g-vanilla\/","title":{"rendered":"Apoday Slim 450 g Vanilla"},"content":{"rendered":"<p>Apoday Slim ist eine Mahlzeit f\u00fcr eine gewichtskontrollierende Ern\u00e4hrung mit Zuckern und S\u00fc\u00dfungsmitteln. Dieses Produkt ersetzt zwei der t\u00e4glichen Mahlzeiten und unterst\u00fctzt daher im Rahmen einer kalorienarmen Ern\u00e4hrung auch die Gewichtsabnahme.<\/p>\n","protected":false},"excerpt":{"rendered":"<p>Apoday Slim ist eine Mahlzeit f\u00fcr eine gewichtskontrollierende Ern\u00e4hrung mit Zuckern und S\u00fc\u00dfungsmitteln. Dieses Produkt ersetzt zwei der t\u00e4glichen Mahlzeiten und unterst\u00fctzt daher im Rahmen einer kalorienarmen Ern\u00e4hrung auch die Gewichtsabnahme.<\/p>\n","protected":false},"featured_media":17497,"template":"","meta":{"_acf_changed":false},"product_brand":[530],"product_cat":[801],"product_tag":[],"class_list":{"0":"post-17495","1":"product","2":"type-product","3":"status-publish","4":"has-post-thumbnail","6":"product_brand-apoday","7":"product_cat-a","8":"pa_packungsgroesse-450g","10":"first","11":"instock","12":"shipping-taxable","13":"purchasable","14":"product-type-simple"},"acf":[],"_links":{"self":[{"href":"https:\/\/www.ernstbrunn-apotheke.at\/katalog\/wp-json\/wp\/v2\/product\/17495","targetHints":{"allow":["GET"]}}],"collection":[{"href":"https:\/\/www.ernstbrunn-apotheke.at\/katalog\/wp-json\/wp\/v2\/product"}],"about":[{"href":"https:\/\/www.ernstbrunn-apotheke.at\/katalog\/wp-json\/wp\/v2\/types\/product"}],"wp:featuredmedia":[{"embeddable":true,"href":"https:\/\/www.ernstbrunn-apotheke.at\/katalog\/wp-json\/wp\/v2\/media\/17497"}],"wp:attachment":[{"href":"https:\/\/www.ernstbrunn-apotheke.at\/katalog\/wp-json\/wp\/v2\/media?parent=17495"}],"wp:term":[{"taxonomy":"product_brand","embeddable":true,"href":"https:\/\/www.ernstbrunn-apotheke.at\/katalog\/wp-json\/wp\/v2\/product_brand?post=17495"},{"taxonomy":"product_cat","embeddable":true,"href":"https:\/\/www.ernstbrunn-apotheke.at\/katalog\/wp-json\/wp\/v2\/product_cat?post=17495"},{"taxonomy":"product_tag","embeddable":true,"href":"https:\/\/www.ernstbrunn-apotheke.at\/katalog\/wp-json\/wp\/v2\/product_tag?post=17495"}],"curies":[{"name":"wp","href":"https:\/\/api.w.org\/{rel}","templated":true}]}}