{"id":17413,"date":"2025-11-07T18:39:55","date_gmt":"2025-11-07T17:39:55","guid":{"rendered":"https:\/\/www.ernstbrunn-apotheke.at\/katalog\/produkt\/evavita-tabletten-activeburner-120-stk\/"},"modified":"2025-12-08T13:59:43","modified_gmt":"2025-12-08T12:59:43","slug":"evavita-tabletten-activeburner-120-stk","status":"publish","type":"product","link":"https:\/\/www.ernstbrunn-apotheke.at\/katalog\/produkt\/evavita-tabletten-activeburner-120-stk\/","title":{"rendered":"Evavita Tabletten Activeburner 120 Stk."},"content":{"rendered":"<p>Evavita Activeburner Tabletten bestehen aus einem einzigartigen Aminos\u00e4ure-Komplex, sowie wichtigen Vitaminen und Mineralstoffen, die den Abbau von Fettdepots unterst\u00fctzen. Das Hungergef\u00fchl wird merklich gemindert und die k\u00f6rpereigene Fettverbrennung wird, vor allem in der Nacht, gef\u00f6rdert.<\/p>\n","protected":false},"excerpt":{"rendered":"<p>Evavita Activeburner Tabletten bestehen aus einem einzigartigen Aminos\u00e4ure-Komplex, sowie wichtigen Vitaminen und Mineralstoffen, die den Abbau von Fettdepots unterst\u00fctzen. Das Hungergef\u00fchl wird merklich gemindert und die k\u00f6rpereigene Fettverbrennung wird, vor allem in der Nacht, gef\u00f6rdert.<\/p>\n","protected":false},"featured_media":17415,"template":"","meta":{"_acf_changed":false},"product_brand":[],"product_cat":[794],"product_tag":[],"class_list":{"0":"post-17413","1":"product","2":"type-product","3":"status-publish","4":"has-post-thumbnail","6":"product_cat-e","7":"pa_packungsgroesse-120-stueck","9":"first","10":"instock","11":"shipping-taxable","12":"purchasable","13":"product-type-simple"},"acf":[],"_links":{"self":[{"href":"https:\/\/www.ernstbrunn-apotheke.at\/katalog\/wp-json\/wp\/v2\/product\/17413","targetHints":{"allow":["GET"]}}],"collection":[{"href":"https:\/\/www.ernstbrunn-apotheke.at\/katalog\/wp-json\/wp\/v2\/product"}],"about":[{"href":"https:\/\/www.ernstbrunn-apotheke.at\/katalog\/wp-json\/wp\/v2\/types\/product"}],"wp:featuredmedia":[{"embeddable":true,"href":"https:\/\/www.ernstbrunn-apotheke.at\/katalog\/wp-json\/wp\/v2\/media\/17415"}],"wp:attachment":[{"href":"https:\/\/www.ernstbrunn-apotheke.at\/katalog\/wp-json\/wp\/v2\/media?parent=17413"}],"wp:term":[{"taxonomy":"product_brand","embeddable":true,"href":"https:\/\/www.ernstbrunn-apotheke.at\/katalog\/wp-json\/wp\/v2\/product_brand?post=17413"},{"taxonomy":"product_cat","embeddable":true,"href":"https:\/\/www.ernstbrunn-apotheke.at\/katalog\/wp-json\/wp\/v2\/product_cat?post=17413"},{"taxonomy":"product_tag","embeddable":true,"href":"https:\/\/www.ernstbrunn-apotheke.at\/katalog\/wp-json\/wp\/v2\/product_tag?post=17413"}],"curies":[{"name":"wp","href":"https:\/\/api.w.org\/{rel}","templated":true}]}}