{"id":17409,"date":"2025-11-07T18:39:55","date_gmt":"2025-11-07T17:39:55","guid":{"rendered":"https:\/\/www.ernstbrunn-apotheke.at\/katalog\/produkt\/turboslim-drink-pfirsich\/"},"modified":"2025-12-08T13:59:41","modified_gmt":"2025-12-08T12:59:41","slug":"turboslim-drink-pfirsich","status":"publish","type":"product","link":"https:\/\/www.ernstbrunn-apotheke.at\/katalog\/produkt\/turboslim-drink-pfirsich\/","title":{"rendered":"Turboslim Drink Pfirsich"},"content":{"rendered":"<p>Ob als Kur, zum Start einer Di\u00e4t oder vor dem Jahreszeitenwechsel &#8211; TurboSlim Drink Pfirsich-Gr\u00fcntee kurbelt Ihren Stoffwechsel 10 Tage lang richtig an. Der Drink ist zum Verd\u00fcnnen und daher besonders ergiebig.Wer ist schon gerne st\u00e4ndig auf Di\u00e4t? TurboSlim Drink Pfirsich-Gr\u00fcntee bietet Ihnen eine ausgewogene 10-Tages-Kur, die in der Anwendung kaum einfacher sein k\u00f6nnte.Die spezielle Formel f\u00f6rdert gezielt die Fettverbrennung, regt den Stoffwechsel an und hilft dabei, den K\u00f6rper zu entw\u00e4ssern \u2013mit dem erfrischenden Geschmack von Pfirsich und gr\u00fcnem Tee. TurboSlim Drink Pfirsich-Gr\u00fcntee eignet sich ideal zum Beginnen einer Di\u00e4t, als 10-Tages-Kur oder zum Jahreszeitenwechsel..<\/p>\n","protected":false},"excerpt":{"rendered":"<p>Ob als Kur, zum Start einer Di\u00e4t oder vor dem Jahreszeitenwechsel &#8211; TurboSlim Drink Pfirsich-Gr\u00fcntee kurbelt Ihren Stoffwechsel 10 Tage lang richtig an. Der Drink ist zum Verd\u00fcnnen und daher besonders ergiebig.Wer ist schon gerne st\u00e4ndig auf Di\u00e4t? TurboSlim Drink Pfirsich-Gr\u00fcntee bietet Ihnen eine ausgewogene 10-Tages-Kur, die in der Anwendung kaum einfacher sein k\u00f6nnte.Die spezielle [&hellip;]<\/p>\n","protected":false},"featured_media":17411,"template":"","meta":{"_acf_changed":false},"product_brand":[],"product_cat":[798],"product_tag":[],"class_list":{"0":"post-17409","1":"product","2":"type-product","3":"status-publish","4":"has-post-thumbnail","6":"product_cat-t","7":"pa_geschmack-pfirsich","8":"pa_packungsgroesse-500ml","10":"first","11":"instock","12":"shipping-taxable","13":"purchasable","14":"product-type-simple"},"acf":[],"_links":{"self":[{"href":"https:\/\/www.ernstbrunn-apotheke.at\/katalog\/wp-json\/wp\/v2\/product\/17409","targetHints":{"allow":["GET"]}}],"collection":[{"href":"https:\/\/www.ernstbrunn-apotheke.at\/katalog\/wp-json\/wp\/v2\/product"}],"about":[{"href":"https:\/\/www.ernstbrunn-apotheke.at\/katalog\/wp-json\/wp\/v2\/types\/product"}],"wp:featuredmedia":[{"embeddable":true,"href":"https:\/\/www.ernstbrunn-apotheke.at\/katalog\/wp-json\/wp\/v2\/media\/17411"}],"wp:attachment":[{"href":"https:\/\/www.ernstbrunn-apotheke.at\/katalog\/wp-json\/wp\/v2\/media?parent=17409"}],"wp:term":[{"taxonomy":"product_brand","embeddable":true,"href":"https:\/\/www.ernstbrunn-apotheke.at\/katalog\/wp-json\/wp\/v2\/product_brand?post=17409"},{"taxonomy":"product_cat","embeddable":true,"href":"https:\/\/www.ernstbrunn-apotheke.at\/katalog\/wp-json\/wp\/v2\/product_cat?post=17409"},{"taxonomy":"product_tag","embeddable":true,"href":"https:\/\/www.ernstbrunn-apotheke.at\/katalog\/wp-json\/wp\/v2\/product_tag?post=17409"}],"curies":[{"name":"wp","href":"https:\/\/api.w.org\/{rel}","templated":true}]}}