{"id":17398,"date":"2025-11-07T18:39:55","date_gmt":"2025-11-07T17:39:55","guid":{"rendered":"https:\/\/www.ernstbrunn-apotheke.at\/katalog\/produkt\/turboslim-tabletten-24-28-stk-45-forte\/"},"modified":"2025-12-08T13:59:38","modified_gmt":"2025-12-08T12:59:38","slug":"turboslim-tabletten-24-28-stk-45-forte","status":"publish","type":"product","link":"https:\/\/www.ernstbrunn-apotheke.at\/katalog\/produkt\/turboslim-tabletten-24-28-stk-45-forte\/","title":{"rendered":"TurboSlim Tabletten 24 28 Stk. 45+ forte"},"content":{"rendered":"<p>TURBOSLIM 24 45+ wurde speziell f\u00fcr die Anspr\u00fcche von Frauen \u00fcber 45 entwickelt. Das Prinzip der Chronobiologie ber\u00fccksichtigt die unterschiedlichen Aktivit\u00e4tsphasen der Organe im Laufe des Tages. Diese Rezeptur ist auf die Bed\u00fcrfnisse von Frauen \u00fcber 45 abgestimmt &#8211; mit einer Tag- und Nachtwirkung &#8211; um ihren K\u00f6rper zu unterst\u00fctzen &#8211; dauerhaft mit hohem Rabatt bestellen!<\/p>\n","protected":false},"excerpt":{"rendered":"<p>TURBOSLIM 24 45+ wurde speziell f\u00fcr die Anspr\u00fcche von Frauen \u00fcber 45 entwickelt. Das Prinzip der Chronobiologie ber\u00fccksichtigt die unterschiedlichen Aktivit\u00e4tsphasen der Organe im Laufe des Tages. Diese Rezeptur ist auf die Bed\u00fcrfnisse von Frauen \u00fcber 45 abgestimmt &#8211; mit einer Tag- und Nachtwirkung &#8211; um ihren K\u00f6rper zu unterst\u00fctzen &#8211; dauerhaft mit hohem Rabatt [&hellip;]<\/p>\n","protected":false},"featured_media":17400,"template":"","meta":{"_acf_changed":false},"product_brand":[],"product_cat":[798],"product_tag":[],"class_list":{"0":"post-17398","1":"product","2":"type-product","3":"status-publish","4":"has-post-thumbnail","6":"product_cat-t","7":"pa_packungsgroesse-28-stueck","9":"first","10":"instock","11":"shipping-taxable","12":"purchasable","13":"product-type-simple"},"acf":[],"_links":{"self":[{"href":"https:\/\/www.ernstbrunn-apotheke.at\/katalog\/wp-json\/wp\/v2\/product\/17398","targetHints":{"allow":["GET"]}}],"collection":[{"href":"https:\/\/www.ernstbrunn-apotheke.at\/katalog\/wp-json\/wp\/v2\/product"}],"about":[{"href":"https:\/\/www.ernstbrunn-apotheke.at\/katalog\/wp-json\/wp\/v2\/types\/product"}],"wp:featuredmedia":[{"embeddable":true,"href":"https:\/\/www.ernstbrunn-apotheke.at\/katalog\/wp-json\/wp\/v2\/media\/17400"}],"wp:attachment":[{"href":"https:\/\/www.ernstbrunn-apotheke.at\/katalog\/wp-json\/wp\/v2\/media?parent=17398"}],"wp:term":[{"taxonomy":"product_brand","embeddable":true,"href":"https:\/\/www.ernstbrunn-apotheke.at\/katalog\/wp-json\/wp\/v2\/product_brand?post=17398"},{"taxonomy":"product_cat","embeddable":true,"href":"https:\/\/www.ernstbrunn-apotheke.at\/katalog\/wp-json\/wp\/v2\/product_cat?post=17398"},{"taxonomy":"product_tag","embeddable":true,"href":"https:\/\/www.ernstbrunn-apotheke.at\/katalog\/wp-json\/wp\/v2\/product_tag?post=17398"}],"curies":[{"name":"wp","href":"https:\/\/api.w.org\/{rel}","templated":true}]}}