{"id":17388,"date":"2025-11-07T18:39:04","date_gmt":"2025-11-07T17:39:04","guid":{"rendered":"https:\/\/www.ernstbrunn-apotheke.at\/katalog\/produkt\/formoline-l112-extra-128-stk-tabletten\/"},"modified":"2025-12-08T13:59:35","modified_gmt":"2025-12-08T12:59:35","slug":"formoline-l112-extra-128-stk-tabletten","status":"publish","type":"product","link":"https:\/\/www.ernstbrunn-apotheke.at\/katalog\/produkt\/formoline-l112-extra-128-stk-tabletten\/","title":{"rendered":"Formoline L112 Extra 128 Stk. Tabletten"},"content":{"rendered":"<p>Formoline L112 Extra enth\u00e4lt 75% mehr Wirkstoff f\u00fcr Personen \u00fcber 75 kg. Es enth\u00e4lt Lipidbinder zur Unterst\u00fctzung der Gewichtskontrolle, Verminderung der Cholesterinaufnahme aus der Nahrung sowie der Behandlung von \u00dcbergewicht.<\/p>\n","protected":false},"excerpt":{"rendered":"<p>Formoline L112 Extra enth\u00e4lt 75% mehr Wirkstoff f\u00fcr Personen \u00fcber 75 kg. Es enth\u00e4lt Lipidbinder zur Unterst\u00fctzung der Gewichtskontrolle, Verminderung der Cholesterinaufnahme aus der Nahrung sowie der Behandlung von \u00dcbergewicht.<\/p>\n","protected":false},"featured_media":17390,"template":"","meta":{"_acf_changed":false},"product_brand":[621],"product_cat":[809],"product_tag":[],"class_list":{"0":"post-17388","1":"product","2":"type-product","3":"status-publish","4":"has-post-thumbnail","6":"product_brand-formoline","7":"product_cat-f","8":"pa_packungsgroesse-128-stueck","10":"first","11":"instock","12":"shipping-taxable","13":"purchasable","14":"product-type-simple"},"acf":[],"_links":{"self":[{"href":"https:\/\/www.ernstbrunn-apotheke.at\/katalog\/wp-json\/wp\/v2\/product\/17388","targetHints":{"allow":["GET"]}}],"collection":[{"href":"https:\/\/www.ernstbrunn-apotheke.at\/katalog\/wp-json\/wp\/v2\/product"}],"about":[{"href":"https:\/\/www.ernstbrunn-apotheke.at\/katalog\/wp-json\/wp\/v2\/types\/product"}],"wp:featuredmedia":[{"embeddable":true,"href":"https:\/\/www.ernstbrunn-apotheke.at\/katalog\/wp-json\/wp\/v2\/media\/17390"}],"wp:attachment":[{"href":"https:\/\/www.ernstbrunn-apotheke.at\/katalog\/wp-json\/wp\/v2\/media?parent=17388"}],"wp:term":[{"taxonomy":"product_brand","embeddable":true,"href":"https:\/\/www.ernstbrunn-apotheke.at\/katalog\/wp-json\/wp\/v2\/product_brand?post=17388"},{"taxonomy":"product_cat","embeddable":true,"href":"https:\/\/www.ernstbrunn-apotheke.at\/katalog\/wp-json\/wp\/v2\/product_cat?post=17388"},{"taxonomy":"product_tag","embeddable":true,"href":"https:\/\/www.ernstbrunn-apotheke.at\/katalog\/wp-json\/wp\/v2\/product_tag?post=17388"}],"curies":[{"name":"wp","href":"https:\/\/api.w.org\/{rel}","templated":true}]}}