{"id":17341,"date":"2025-11-07T18:38:32","date_gmt":"2025-11-07T17:38:32","guid":{"rendered":"https:\/\/www.ernstbrunn-apotheke.at\/katalog\/produkt\/almased-vitalkost-pulver\/"},"modified":"2025-12-08T13:59:27","modified_gmt":"2025-12-08T12:59:27","slug":"almased-vitalkost-pulver","status":"publish","type":"product","link":"https:\/\/www.ernstbrunn-apotheke.at\/katalog\/produkt\/almased-vitalkost-pulver\/","title":{"rendered":"Almased Vitalkost Pulver"},"content":{"rendered":"<p>Almased Vitalkost unterst\u00fctzt das gesunde Abnehmen und Ihre Di\u00e4t. Der Stoffwechsel wird mit Almased angeregt, die Fettverbrennung angekurbelt und der K\u00f6rper mit vielen wichtigen Vitalstoffen versorgt. Das eiwei\u00dfreiche Pulver enth\u00e4lt hochwertige Proteine und enzymreichen Honig zur Unterst\u00fctzung der Darmflora. Die in Almased enthaltenen wichtigen Vitamine und Mineralstoffe aktivieren den Stoffwechsel. Mangelzust\u00e4nde w\u00e4hrend der Di\u00e4t werden so vorgebeugt und der unerw\u00fcnschte Abbau von Muskelmasse wird verhindert. S\u00e4ttigt f\u00fcr Stunden und reduziert das Hungergef\u00fchl.<\/p>\n","protected":false},"excerpt":{"rendered":"<p>Almased Vitalkost unterst\u00fctzt das gesunde Abnehmen und Ihre Di\u00e4t. Der Stoffwechsel wird mit Almased angeregt, die Fettverbrennung angekurbelt und der K\u00f6rper mit vielen wichtigen Vitalstoffen versorgt. Das eiwei\u00dfreiche Pulver enth\u00e4lt hochwertige Proteine und enzymreichen Honig zur Unterst\u00fctzung der Darmflora. Die in Almased enthaltenen wichtigen Vitamine und Mineralstoffe aktivieren den Stoffwechsel. Mangelzust\u00e4nde w\u00e4hrend der Di\u00e4t werden [&hellip;]<\/p>\n","protected":false},"featured_media":17343,"template":"","meta":{"_acf_changed":false},"product_brand":[620],"product_cat":[801],"product_tag":[],"class_list":{"0":"post-17341","1":"product","2":"type-product","3":"status-publish","4":"has-post-thumbnail","6":"product_brand-almased","7":"product_cat-a","8":"pa_packungsgroesse-500g","10":"first","11":"instock","12":"shipping-taxable","13":"purchasable","14":"product-type-simple"},"acf":[],"_links":{"self":[{"href":"https:\/\/www.ernstbrunn-apotheke.at\/katalog\/wp-json\/wp\/v2\/product\/17341","targetHints":{"allow":["GET"]}}],"collection":[{"href":"https:\/\/www.ernstbrunn-apotheke.at\/katalog\/wp-json\/wp\/v2\/product"}],"about":[{"href":"https:\/\/www.ernstbrunn-apotheke.at\/katalog\/wp-json\/wp\/v2\/types\/product"}],"wp:featuredmedia":[{"embeddable":true,"href":"https:\/\/www.ernstbrunn-apotheke.at\/katalog\/wp-json\/wp\/v2\/media\/17343"}],"wp:attachment":[{"href":"https:\/\/www.ernstbrunn-apotheke.at\/katalog\/wp-json\/wp\/v2\/media?parent=17341"}],"wp:term":[{"taxonomy":"product_brand","embeddable":true,"href":"https:\/\/www.ernstbrunn-apotheke.at\/katalog\/wp-json\/wp\/v2\/product_brand?post=17341"},{"taxonomy":"product_cat","embeddable":true,"href":"https:\/\/www.ernstbrunn-apotheke.at\/katalog\/wp-json\/wp\/v2\/product_cat?post=17341"},{"taxonomy":"product_tag","embeddable":true,"href":"https:\/\/www.ernstbrunn-apotheke.at\/katalog\/wp-json\/wp\/v2\/product_tag?post=17341"}],"curies":[{"name":"wp","href":"https:\/\/api.w.org\/{rel}","templated":true}]}}