{"id":17289,"date":"2025-11-07T18:37:52","date_gmt":"2025-11-07T17:37:52","guid":{"rendered":"https:\/\/www.ernstbrunn-apotheke.at\/katalog\/produkt\/sanvita-immun-saft-300-ml\/"},"modified":"2025-12-08T13:59:16","modified_gmt":"2025-12-08T12:59:16","slug":"sanvita-immun-saft-300-ml","status":"publish","type":"product","link":"https:\/\/www.ernstbrunn-apotheke.at\/katalog\/produkt\/sanvita-immun-saft-300-ml\/","title":{"rendered":"Sanvita Immun+ Saft 300 ml"},"content":{"rendered":"<p>Sanvita Immun+ Saft 300 ml enth\u00e4lt bew\u00e4hrte Pflanzenextrakte zum Schutz und Aufbau Ihres Immunsystem. Der enthaltene Cistuskrautextrakt unterst\u00fctzt die Abwehrkr\u00e4fte bei erh\u00f6hter Belastung, Holunderbeeren enthalten zellsch\u00fctzende Anthocyane, Sanddorn ist reich an nat\u00fcrlichen Vitamin C und st\u00e4rkt die k\u00f6rpereigene Immunabwehr. Die Vitamine B1, B2, B6, B12, C , D , sowie Zink tragen zu einer normalen Funktion des Immunsystems bei und dazu, die K\u00f6rperzellen vor oxidativem Stress zu sch\u00fctzen &#8211; jetzt online bestellen &#038; Ihr Immunsystem zum Bestpreis st\u00e4rken!<\/p>\n","protected":false},"excerpt":{"rendered":"<p>Sanvita Immun+ Saft 300 ml enth\u00e4lt bew\u00e4hrte Pflanzenextrakte zum Schutz und Aufbau Ihres Immunsystem. Der enthaltene Cistuskrautextrakt unterst\u00fctzt die Abwehrkr\u00e4fte bei erh\u00f6hter Belastung, Holunderbeeren enthalten zellsch\u00fctzende Anthocyane, Sanddorn ist reich an nat\u00fcrlichen Vitamin C und st\u00e4rkt die k\u00f6rpereigene Immunabwehr. Die Vitamine B1, B2, B6, B12, C , D , sowie Zink tragen zu einer normalen [&hellip;]<\/p>\n","protected":false},"featured_media":17291,"template":"","meta":{"_acf_changed":false},"product_brand":[462],"product_cat":[791],"product_tag":[],"class_list":{"0":"post-17289","1":"product","2":"type-product","3":"status-publish","4":"has-post-thumbnail","6":"product_brand-sanvita","7":"product_cat-s","8":"pa_packungsgroesse-300ml","10":"first","11":"instock","12":"shipping-taxable","13":"purchasable","14":"product-type-simple"},"acf":[],"_links":{"self":[{"href":"https:\/\/www.ernstbrunn-apotheke.at\/katalog\/wp-json\/wp\/v2\/product\/17289","targetHints":{"allow":["GET"]}}],"collection":[{"href":"https:\/\/www.ernstbrunn-apotheke.at\/katalog\/wp-json\/wp\/v2\/product"}],"about":[{"href":"https:\/\/www.ernstbrunn-apotheke.at\/katalog\/wp-json\/wp\/v2\/types\/product"}],"wp:featuredmedia":[{"embeddable":true,"href":"https:\/\/www.ernstbrunn-apotheke.at\/katalog\/wp-json\/wp\/v2\/media\/17291"}],"wp:attachment":[{"href":"https:\/\/www.ernstbrunn-apotheke.at\/katalog\/wp-json\/wp\/v2\/media?parent=17289"}],"wp:term":[{"taxonomy":"product_brand","embeddable":true,"href":"https:\/\/www.ernstbrunn-apotheke.at\/katalog\/wp-json\/wp\/v2\/product_brand?post=17289"},{"taxonomy":"product_cat","embeddable":true,"href":"https:\/\/www.ernstbrunn-apotheke.at\/katalog\/wp-json\/wp\/v2\/product_cat?post=17289"},{"taxonomy":"product_tag","embeddable":true,"href":"https:\/\/www.ernstbrunn-apotheke.at\/katalog\/wp-json\/wp\/v2\/product_tag?post=17289"}],"curies":[{"name":"wp","href":"https:\/\/api.w.org\/{rel}","templated":true}]}}