{"id":17282,"date":"2025-11-07T18:37:15","date_gmt":"2025-11-07T17:37:15","guid":{"rendered":"https:\/\/www.ernstbrunn-apotheke.at\/katalog\/produkt\/octenisan-md-nasengel-6-ml\/"},"modified":"2025-12-08T13:59:14","modified_gmt":"2025-12-08T12:59:14","slug":"octenisan-md-nasengel-6-ml","status":"publish","type":"product","link":"https:\/\/www.ernstbrunn-apotheke.at\/katalog\/produkt\/octenisan-md-nasengel-6-ml\/","title":{"rendered":"Octenisan MD Nasengel 6 ml"},"content":{"rendered":"<p>Octenisan<sup>\u00ae<\/sup>\u00a0md Nasengel dient zur Befeuchtung, Reinigung und Dekontaminationder Nasenvorh\u00f6fe. Es versorgt die Nasenvorh\u00f6fe mit ausreichend Feuchtigkeit,wenn die Nase durch \u00e4u\u00dfere Einfl\u00fcsse austrocknet und beugt damit Reizungen vor.Durch diese Befeuchtung f\u00f6rdert das Hydrogel die Aufrechterhaltung desphysiologischen Milieus und verhindert dadurch das Ansiedeln von Bakterien.Weiterhin tr\u00e4gt die Wiederherstellung der physiologischen Schutz- undReinigungsfunktion zu einer effektiven MRE-Dekontamination bei.<\/p>\n<p>Auch L\u00e4sionen des Nasenepithels werden durch dasHydrogel mit Feuchtigkeit versorgt und k\u00f6nnen so optimal heilen. Denn f\u00fcr denHeilungsprozess m\u00fcssen sich die Epithelzellen teilen und wandern k\u00f6nnen. Diesist in einer feuchten Wundumgebung am besten m\u00f6glich<\/p>\n","protected":false},"excerpt":{"rendered":"<p>Octenisan\u00ae\u00a0md Nasengel dient zur Befeuchtung, Reinigung und Dekontaminationder Nasenvorh\u00f6fe. Es versorgt die Nasenvorh\u00f6fe mit ausreichend Feuchtigkeit,wenn die Nase durch \u00e4u\u00dfere Einfl\u00fcsse austrocknet und beugt damit Reizungen vor.Durch diese Befeuchtung f\u00f6rdert das Hydrogel die Aufrechterhaltung desphysiologischen Milieus und verhindert dadurch das Ansiedeln von Bakterien.Weiterhin tr\u00e4gt die Wiederherstellung der physiologischen Schutz- undReinigungsfunktion zu einer effektiven MRE-Dekontamination bei. [&hellip;]<\/p>\n","protected":false},"featured_media":17284,"template":"","meta":{"_acf_changed":false},"product_brand":[],"product_cat":[819],"product_tag":[],"class_list":{"0":"post-17282","1":"product","2":"type-product","3":"status-publish","4":"has-post-thumbnail","6":"product_cat-o","7":"pa_packungsgroesse-6ml","9":"first","10":"instock","11":"shipping-taxable","12":"purchasable","13":"product-type-simple"},"acf":[],"_links":{"self":[{"href":"https:\/\/www.ernstbrunn-apotheke.at\/katalog\/wp-json\/wp\/v2\/product\/17282","targetHints":{"allow":["GET"]}}],"collection":[{"href":"https:\/\/www.ernstbrunn-apotheke.at\/katalog\/wp-json\/wp\/v2\/product"}],"about":[{"href":"https:\/\/www.ernstbrunn-apotheke.at\/katalog\/wp-json\/wp\/v2\/types\/product"}],"wp:featuredmedia":[{"embeddable":true,"href":"https:\/\/www.ernstbrunn-apotheke.at\/katalog\/wp-json\/wp\/v2\/media\/17284"}],"wp:attachment":[{"href":"https:\/\/www.ernstbrunn-apotheke.at\/katalog\/wp-json\/wp\/v2\/media?parent=17282"}],"wp:term":[{"taxonomy":"product_brand","embeddable":true,"href":"https:\/\/www.ernstbrunn-apotheke.at\/katalog\/wp-json\/wp\/v2\/product_brand?post=17282"},{"taxonomy":"product_cat","embeddable":true,"href":"https:\/\/www.ernstbrunn-apotheke.at\/katalog\/wp-json\/wp\/v2\/product_cat?post=17282"},{"taxonomy":"product_tag","embeddable":true,"href":"https:\/\/www.ernstbrunn-apotheke.at\/katalog\/wp-json\/wp\/v2\/product_tag?post=17282"}],"curies":[{"name":"wp","href":"https:\/\/api.w.org\/{rel}","templated":true}]}}