{"id":17274,"date":"2025-11-07T18:37:15","date_gmt":"2025-11-07T17:37:15","guid":{"rendered":"https:\/\/www.ernstbrunn-apotheke.at\/katalog\/produkt\/tetesept-meerwasser-nasenspray-care-20-ml\/"},"modified":"2025-12-08T13:59:13","modified_gmt":"2025-12-08T12:59:13","slug":"tetesept-meerwasser-nasenspray-care-20-ml","status":"publish","type":"product","link":"https:\/\/www.ernstbrunn-apotheke.at\/katalog\/produkt\/tetesept-meerwasser-nasenspray-care-20-ml\/","title":{"rendered":"Tetesept Meerwasser Nasenspray Care 20 ml"},"content":{"rendered":"<p>Tetesept Meerwasser Nasenspray Care pflegt und befeuchtet die beanspruchte Nasenschleimhaut mit der hochwertigen Kombination aus feuchtigkeitsspendendem Dexpanthenol und Meerwasser, um ihre Regeneration zu beg\u00fcnstigen. Das Spray ist ideal einzusetzen bei geringer Luftfeuchtigkeit in geheizten oder klimatisierten R\u00e4umen, z. B. im B\u00fcro oder Flugzeug, bei Belastung durch Staub oder Pollen und zum L\u00f6sen von Verkrustungen.<\/p>\n","protected":false},"excerpt":{"rendered":"<p>Tetesept Meerwasser Nasenspray Care pflegt und befeuchtet die beanspruchte Nasenschleimhaut mit der hochwertigen Kombination aus feuchtigkeitsspendendem Dexpanthenol und Meerwasser, um ihre Regeneration zu beg\u00fcnstigen. Das Spray ist ideal einzusetzen bei geringer Luftfeuchtigkeit in geheizten oder klimatisierten R\u00e4umen, z. B. im B\u00fcro oder Flugzeug, bei Belastung durch Staub oder Pollen und zum L\u00f6sen von Verkrustungen.<\/p>\n","protected":false},"featured_media":17276,"template":"","meta":{"_acf_changed":false},"product_brand":[487],"product_cat":[798],"product_tag":[],"class_list":{"0":"post-17274","1":"product","2":"type-product","3":"status-publish","4":"has-post-thumbnail","6":"product_brand-tetesept","7":"product_cat-t","8":"pa_packungsgroesse-20ml","10":"first","11":"instock","12":"shipping-taxable","13":"purchasable","14":"product-type-simple"},"acf":[],"_links":{"self":[{"href":"https:\/\/www.ernstbrunn-apotheke.at\/katalog\/wp-json\/wp\/v2\/product\/17274","targetHints":{"allow":["GET"]}}],"collection":[{"href":"https:\/\/www.ernstbrunn-apotheke.at\/katalog\/wp-json\/wp\/v2\/product"}],"about":[{"href":"https:\/\/www.ernstbrunn-apotheke.at\/katalog\/wp-json\/wp\/v2\/types\/product"}],"wp:featuredmedia":[{"embeddable":true,"href":"https:\/\/www.ernstbrunn-apotheke.at\/katalog\/wp-json\/wp\/v2\/media\/17276"}],"wp:attachment":[{"href":"https:\/\/www.ernstbrunn-apotheke.at\/katalog\/wp-json\/wp\/v2\/media?parent=17274"}],"wp:term":[{"taxonomy":"product_brand","embeddable":true,"href":"https:\/\/www.ernstbrunn-apotheke.at\/katalog\/wp-json\/wp\/v2\/product_brand?post=17274"},{"taxonomy":"product_cat","embeddable":true,"href":"https:\/\/www.ernstbrunn-apotheke.at\/katalog\/wp-json\/wp\/v2\/product_cat?post=17274"},{"taxonomy":"product_tag","embeddable":true,"href":"https:\/\/www.ernstbrunn-apotheke.at\/katalog\/wp-json\/wp\/v2\/product_tag?post=17274"}],"curies":[{"name":"wp","href":"https:\/\/api.w.org\/{rel}","templated":true}]}}