{"id":17250,"date":"2025-11-07T18:37:15","date_gmt":"2025-11-07T17:37:15","guid":{"rendered":"https:\/\/www.ernstbrunn-apotheke.at\/katalog\/produkt\/biobee-propolis-spray-nasal-20-ml\/"},"modified":"2025-12-08T13:59:08","modified_gmt":"2025-12-08T12:59:08","slug":"biobee-propolis-spray-nasal-20-ml","status":"publish","type":"product","link":"https:\/\/www.ernstbrunn-apotheke.at\/katalog\/produkt\/biobee-propolis-spray-nasal-20-ml\/","title":{"rendered":"Biobee Propolis Spray Nasal 20 ml"},"content":{"rendered":"<p>Biobee Propolis Spray Nasal dient zur Befeuchtung und Linderung bei trockener, gereizter Schleimhaut der oberen Atemwege in Verbindung mit \u00e4therischen \u00d6len von Cajeput, Minze, Zimt und Nelke. F\u00f6rdert den Zellschutz im Haut- und Schleimhautbereich.<\/p>\n","protected":false},"excerpt":{"rendered":"<p>Biobee Propolis Spray Nasal dient zur Befeuchtung und Linderung bei trockener, gereizter Schleimhaut der oberen Atemwege in Verbindung mit \u00e4therischen \u00d6len von Cajeput, Minze, Zimt und Nelke. F\u00f6rdert den Zellschutz im Haut- und Schleimhautbereich.<\/p>\n","protected":false},"featured_media":17252,"template":"","meta":{"_acf_changed":false},"product_brand":[],"product_cat":[802],"product_tag":[],"class_list":{"0":"post-17250","1":"product","2":"type-product","3":"status-publish","4":"has-post-thumbnail","6":"product_cat-b","7":"pa_packungsgroesse-20ml","9":"first","10":"instock","11":"shipping-taxable","12":"purchasable","13":"product-type-simple"},"acf":[],"_links":{"self":[{"href":"https:\/\/www.ernstbrunn-apotheke.at\/katalog\/wp-json\/wp\/v2\/product\/17250","targetHints":{"allow":["GET"]}}],"collection":[{"href":"https:\/\/www.ernstbrunn-apotheke.at\/katalog\/wp-json\/wp\/v2\/product"}],"about":[{"href":"https:\/\/www.ernstbrunn-apotheke.at\/katalog\/wp-json\/wp\/v2\/types\/product"}],"wp:featuredmedia":[{"embeddable":true,"href":"https:\/\/www.ernstbrunn-apotheke.at\/katalog\/wp-json\/wp\/v2\/media\/17252"}],"wp:attachment":[{"href":"https:\/\/www.ernstbrunn-apotheke.at\/katalog\/wp-json\/wp\/v2\/media?parent=17250"}],"wp:term":[{"taxonomy":"product_brand","embeddable":true,"href":"https:\/\/www.ernstbrunn-apotheke.at\/katalog\/wp-json\/wp\/v2\/product_brand?post=17250"},{"taxonomy":"product_cat","embeddable":true,"href":"https:\/\/www.ernstbrunn-apotheke.at\/katalog\/wp-json\/wp\/v2\/product_cat?post=17250"},{"taxonomy":"product_tag","embeddable":true,"href":"https:\/\/www.ernstbrunn-apotheke.at\/katalog\/wp-json\/wp\/v2\/product_tag?post=17250"}],"curies":[{"name":"wp","href":"https:\/\/api.w.org\/{rel}","templated":true}]}}