{"id":17234,"date":"2025-11-07T18:37:00","date_gmt":"2025-11-07T17:37:00","guid":{"rendered":"https:\/\/www.ernstbrunn-apotheke.at\/katalog\/produkt\/pari-nacl-09-inhalationsloesung-120-x-25-ml\/"},"modified":"2025-12-08T13:59:04","modified_gmt":"2025-12-08T12:59:04","slug":"pari-nacl-09-inhalationsloesung-120-x-25-ml","status":"publish","type":"product","link":"https:\/\/www.ernstbrunn-apotheke.at\/katalog\/produkt\/pari-nacl-09-inhalationsloesung-120-x-25-ml\/","title":{"rendered":"PARI NaCl 0,9% Inhalationsl\u00f6sung 120 x 2,5 ml"},"content":{"rendered":"<p>Die PARI NaCl Inhalationsl\u00f6sung ist eine nat\u00fcrliche isotonische Salzl\u00f6sung (0,9 %), die in ihrer Konzentration den menschlichen K\u00f6rperfl\u00fcssigkeiten angepasst ist. Sie kann angewendet werden zur Befeuchtung der Atemwege und zur unterst\u00fctzenden Ma\u00dfnahme bei Erk\u00e4ltungskrankheiten wie Husten oder Schnupfen sowie zur als Tr\u00e4gerl\u00f6sung zur Verd\u00fcnnung von Medikamenten, die laut Herstellerangaben mit isotonischer Salzl\u00f6sung f\u00fcr die Inhalation verd\u00fcnnt werden d\u00fcrfen (die Angaben zur Verd\u00fcnnung entnehmen Sie bitte der Packungsbeilage des entsprechenden Medikaments).<\/p>\n","protected":false},"excerpt":{"rendered":"<p>Die PARI NaCl Inhalationsl\u00f6sung ist eine nat\u00fcrliche isotonische Salzl\u00f6sung (0,9 %), die in ihrer Konzentration den menschlichen K\u00f6rperfl\u00fcssigkeiten angepasst ist. Sie kann angewendet werden zur Befeuchtung der Atemwege und zur unterst\u00fctzenden Ma\u00dfnahme bei Erk\u00e4ltungskrankheiten wie Husten oder Schnupfen sowie zur als Tr\u00e4gerl\u00f6sung zur Verd\u00fcnnung von Medikamenten, die laut Herstellerangaben mit isotonischer Salzl\u00f6sung f\u00fcr die Inhalation [&hellip;]<\/p>\n","protected":false},"featured_media":17236,"template":"","meta":{"_acf_changed":false},"product_brand":[],"product_cat":[793],"product_tag":[],"class_list":{"0":"post-17234","1":"product","2":"type-product","3":"status-publish","4":"has-post-thumbnail","6":"product_cat-p","7":"pa_packungsgroesse-120-stueck","9":"first","10":"instock","11":"shipping-taxable","12":"purchasable","13":"product-type-simple"},"acf":[],"_links":{"self":[{"href":"https:\/\/www.ernstbrunn-apotheke.at\/katalog\/wp-json\/wp\/v2\/product\/17234","targetHints":{"allow":["GET"]}}],"collection":[{"href":"https:\/\/www.ernstbrunn-apotheke.at\/katalog\/wp-json\/wp\/v2\/product"}],"about":[{"href":"https:\/\/www.ernstbrunn-apotheke.at\/katalog\/wp-json\/wp\/v2\/types\/product"}],"wp:featuredmedia":[{"embeddable":true,"href":"https:\/\/www.ernstbrunn-apotheke.at\/katalog\/wp-json\/wp\/v2\/media\/17236"}],"wp:attachment":[{"href":"https:\/\/www.ernstbrunn-apotheke.at\/katalog\/wp-json\/wp\/v2\/media?parent=17234"}],"wp:term":[{"taxonomy":"product_brand","embeddable":true,"href":"https:\/\/www.ernstbrunn-apotheke.at\/katalog\/wp-json\/wp\/v2\/product_brand?post=17234"},{"taxonomy":"product_cat","embeddable":true,"href":"https:\/\/www.ernstbrunn-apotheke.at\/katalog\/wp-json\/wp\/v2\/product_cat?post=17234"},{"taxonomy":"product_tag","embeddable":true,"href":"https:\/\/www.ernstbrunn-apotheke.at\/katalog\/wp-json\/wp\/v2\/product_tag?post=17234"}],"curies":[{"name":"wp","href":"https:\/\/api.w.org\/{rel}","templated":true}]}}