{"id":17209,"date":"2025-11-07T18:36:22","date_gmt":"2025-11-07T17:36:22","guid":{"rendered":"https:\/\/www.ernstbrunn-apotheke.at\/katalog\/produkt\/nasumel-nasensalbe-15-g\/"},"modified":"2025-12-08T13:58:57","modified_gmt":"2025-12-08T12:58:57","slug":"nasumel-nasensalbe-15-g","status":"publish","type":"product","link":"https:\/\/www.ernstbrunn-apotheke.at\/katalog\/produkt\/nasumel-nasensalbe-15-g\/","title":{"rendered":"NasuMel Nasensalbe 15 g"},"content":{"rendered":"<p>NasuMel\u00ae Nasensalbe kann zur Wundbehandlung in der Nase, bei trockener, besch\u00e4digter und entz\u00fcndeter Nasenschleimhaut sowie bei Schrunden in der Nase angewendet werden. Durch die spezifische Zusammensetzung sch\u00fctzt NasuMel\u00ae Nasensalbe oberfl\u00e4chliche Wunden vor Infektionen und hilft die Krustenbildung in der Nase zu verhindern.<\/p>\n","protected":false},"excerpt":{"rendered":"<p>NasuMel\u00ae Nasensalbe kann zur Wundbehandlung in der Nase, bei trockener, besch\u00e4digter und entz\u00fcndeter Nasenschleimhaut sowie bei Schrunden in der Nase angewendet werden. Durch die spezifische Zusammensetzung sch\u00fctzt NasuMel\u00ae Nasensalbe oberfl\u00e4chliche Wunden vor Infektionen und hilft die Krustenbildung in der Nase zu verhindern.<\/p>\n","protected":false},"featured_media":17211,"template":"","meta":{"_acf_changed":false},"product_brand":[],"product_cat":[797],"product_tag":[],"class_list":{"0":"post-17209","1":"product","2":"type-product","3":"status-publish","4":"has-post-thumbnail","6":"product_cat-n","7":"pa_packungsgroesse-15g","9":"first","10":"instock","11":"shipping-taxable","12":"purchasable","13":"product-type-simple"},"acf":[],"_links":{"self":[{"href":"https:\/\/www.ernstbrunn-apotheke.at\/katalog\/wp-json\/wp\/v2\/product\/17209","targetHints":{"allow":["GET"]}}],"collection":[{"href":"https:\/\/www.ernstbrunn-apotheke.at\/katalog\/wp-json\/wp\/v2\/product"}],"about":[{"href":"https:\/\/www.ernstbrunn-apotheke.at\/katalog\/wp-json\/wp\/v2\/types\/product"}],"wp:featuredmedia":[{"embeddable":true,"href":"https:\/\/www.ernstbrunn-apotheke.at\/katalog\/wp-json\/wp\/v2\/media\/17211"}],"wp:attachment":[{"href":"https:\/\/www.ernstbrunn-apotheke.at\/katalog\/wp-json\/wp\/v2\/media?parent=17209"}],"wp:term":[{"taxonomy":"product_brand","embeddable":true,"href":"https:\/\/www.ernstbrunn-apotheke.at\/katalog\/wp-json\/wp\/v2\/product_brand?post=17209"},{"taxonomy":"product_cat","embeddable":true,"href":"https:\/\/www.ernstbrunn-apotheke.at\/katalog\/wp-json\/wp\/v2\/product_cat?post=17209"},{"taxonomy":"product_tag","embeddable":true,"href":"https:\/\/www.ernstbrunn-apotheke.at\/katalog\/wp-json\/wp\/v2\/product_tag?post=17209"}],"curies":[{"name":"wp","href":"https:\/\/api.w.org\/{rel}","templated":true}]}}