{"id":17186,"date":"2025-11-07T18:35:46","date_gmt":"2025-11-07T17:35:46","guid":{"rendered":"https:\/\/www.ernstbrunn-apotheke.at\/katalog\/produkt\/angel-vac-mundnasensauger-1-stk\/"},"modified":"2025-12-08T13:58:53","modified_gmt":"2025-12-08T12:58:53","slug":"angel-vac-mundnasensauger-1-stk","status":"publish","type":"product","link":"https:\/\/www.ernstbrunn-apotheke.at\/katalog\/produkt\/angel-vac-mundnasensauger-1-stk\/","title":{"rendered":"Angel-Vac Mundnasensauger 1 Stk."},"content":{"rendered":"<p>Angel-Vac Mundnasensauger Hilfsmittel dient zur wirksamen Erg\u00e4nzung der \u00e4rztlichen Behandlung. Es ist ein Ger\u00e4t, das ausschlie\u00dflich f\u00fcr das Entfernen des Nasensekrets von S\u00e4uglingen und Kleinkindern entwickelt wurde. Dank diesem Ger\u00e4t wird das Risiko von Folgeerkrankungen durch Schnupfen f\u00fcr Kleinkinder wesentlich reduziert und die Beschwerden des Kleinkindes unmittelbar nach der Anwendung f\u00fchlbar gemindert.<\/p>\n","protected":false},"excerpt":{"rendered":"<p>Angel-Vac Mundnasensauger Hilfsmittel dient zur wirksamen Erg\u00e4nzung der \u00e4rztlichen Behandlung. Es ist ein Ger\u00e4t, das ausschlie\u00dflich f\u00fcr das Entfernen des Nasensekrets von S\u00e4uglingen und Kleinkindern entwickelt wurde. Dank diesem Ger\u00e4t wird das Risiko von Folgeerkrankungen durch Schnupfen f\u00fcr Kleinkinder wesentlich reduziert und die Beschwerden des Kleinkindes unmittelbar nach der Anwendung f\u00fchlbar gemindert.<\/p>\n","protected":false},"featured_media":17188,"template":"","meta":{"_acf_changed":false},"product_brand":[],"product_cat":[801],"product_tag":[],"class_list":{"0":"post-17186","1":"product","2":"type-product","3":"status-publish","4":"has-post-thumbnail","6":"product_cat-a","7":"pa_packungsgroesse-1-stueck","9":"first","10":"instock","11":"shipping-taxable","12":"purchasable","13":"product-type-simple"},"acf":[],"_links":{"self":[{"href":"https:\/\/www.ernstbrunn-apotheke.at\/katalog\/wp-json\/wp\/v2\/product\/17186","targetHints":{"allow":["GET"]}}],"collection":[{"href":"https:\/\/www.ernstbrunn-apotheke.at\/katalog\/wp-json\/wp\/v2\/product"}],"about":[{"href":"https:\/\/www.ernstbrunn-apotheke.at\/katalog\/wp-json\/wp\/v2\/types\/product"}],"wp:featuredmedia":[{"embeddable":true,"href":"https:\/\/www.ernstbrunn-apotheke.at\/katalog\/wp-json\/wp\/v2\/media\/17188"}],"wp:attachment":[{"href":"https:\/\/www.ernstbrunn-apotheke.at\/katalog\/wp-json\/wp\/v2\/media?parent=17186"}],"wp:term":[{"taxonomy":"product_brand","embeddable":true,"href":"https:\/\/www.ernstbrunn-apotheke.at\/katalog\/wp-json\/wp\/v2\/product_brand?post=17186"},{"taxonomy":"product_cat","embeddable":true,"href":"https:\/\/www.ernstbrunn-apotheke.at\/katalog\/wp-json\/wp\/v2\/product_cat?post=17186"},{"taxonomy":"product_tag","embeddable":true,"href":"https:\/\/www.ernstbrunn-apotheke.at\/katalog\/wp-json\/wp\/v2\/product_tag?post=17186"}],"curies":[{"name":"wp","href":"https:\/\/api.w.org\/{rel}","templated":true}]}}