{"id":17143,"date":"2025-11-07T18:35:29","date_gmt":"2025-11-07T17:35:29","guid":{"rendered":"https:\/\/www.ernstbrunn-apotheke.at\/katalog\/produkt\/easynasan-nasenspray-1-mg-ml-10-ml\/"},"modified":"2025-12-08T13:58:44","modified_gmt":"2025-12-08T12:58:44","slug":"easynasan-nasenspray-1-mg-ml-10-ml","status":"publish","type":"product","link":"https:\/\/www.ernstbrunn-apotheke.at\/katalog\/produkt\/easynasan-nasenspray-1-mg-ml-10-ml\/","title":{"rendered":"Easynasan Nasenspray 1 mg\/ml  10 ml"},"content":{"rendered":"<p>Easynasan Nasenspray 1 mg\/ml dient der Behandlung von akutem und allergischem Schnupfen sowie anfallsweise auftretendem Flie\u00dfschnupfen, der Erleichterung des Sekretabflusses bei Entz\u00fcndungen der Nasennebenh\u00f6hlen sowie bei Tubenkatarrh in Verbindung mit Schnupfen und der diagnostischen Schleimhautabschwellung.<\/p>\n","protected":false},"excerpt":{"rendered":"<p>Easynasan Nasenspray 1 mg\/ml dient der Behandlung von akutem und allergischem Schnupfen sowie anfallsweise auftretendem Flie\u00dfschnupfen, der Erleichterung des Sekretabflusses bei Entz\u00fcndungen der Nasennebenh\u00f6hlen sowie bei Tubenkatarrh in Verbindung mit Schnupfen und der diagnostischen Schleimhautabschwellung.<\/p>\n","protected":false},"featured_media":17145,"template":"","meta":{"_acf_changed":false},"product_brand":[367],"product_cat":[794],"product_tag":[],"class_list":{"0":"post-17143","1":"product","2":"type-product","3":"status-publish","4":"has-post-thumbnail","6":"product_brand-easypharm","7":"product_cat-e","8":"pa_farbe-farblos","9":"pa_packungsgroesse-10ml","11":"first","12":"instock","13":"shipping-taxable","14":"purchasable","15":"product-type-simple"},"acf":[],"_links":{"self":[{"href":"https:\/\/www.ernstbrunn-apotheke.at\/katalog\/wp-json\/wp\/v2\/product\/17143","targetHints":{"allow":["GET"]}}],"collection":[{"href":"https:\/\/www.ernstbrunn-apotheke.at\/katalog\/wp-json\/wp\/v2\/product"}],"about":[{"href":"https:\/\/www.ernstbrunn-apotheke.at\/katalog\/wp-json\/wp\/v2\/types\/product"}],"wp:featuredmedia":[{"embeddable":true,"href":"https:\/\/www.ernstbrunn-apotheke.at\/katalog\/wp-json\/wp\/v2\/media\/17145"}],"wp:attachment":[{"href":"https:\/\/www.ernstbrunn-apotheke.at\/katalog\/wp-json\/wp\/v2\/media?parent=17143"}],"wp:term":[{"taxonomy":"product_brand","embeddable":true,"href":"https:\/\/www.ernstbrunn-apotheke.at\/katalog\/wp-json\/wp\/v2\/product_brand?post=17143"},{"taxonomy":"product_cat","embeddable":true,"href":"https:\/\/www.ernstbrunn-apotheke.at\/katalog\/wp-json\/wp\/v2\/product_cat?post=17143"},{"taxonomy":"product_tag","embeddable":true,"href":"https:\/\/www.ernstbrunn-apotheke.at\/katalog\/wp-json\/wp\/v2\/product_tag?post=17143"}],"curies":[{"name":"wp","href":"https:\/\/api.w.org\/{rel}","templated":true}]}}