{"id":17136,"date":"2025-11-07T18:35:29","date_gmt":"2025-11-07T17:35:29","guid":{"rendered":"https:\/\/www.ernstbrunn-apotheke.at\/katalog\/produkt\/vis-alpin-alpensalznasenspray\/"},"modified":"2025-12-08T13:58:41","modified_gmt":"2025-12-08T12:58:41","slug":"vis-alpin-alpensalznasenspray","status":"publish","type":"product","link":"https:\/\/www.ernstbrunn-apotheke.at\/katalog\/produkt\/vis-alpin-alpensalznasenspray\/","title":{"rendered":"VIS ALPIN Alpensalznasenspray"},"content":{"rendered":"<p class=\"MsoNormal\"><b>100% nat\u00fcrliche Heilkraft aus den Alpen<\/b><\/p>\n<p><u>Anwendungsgebiete<br \/><\/u> <\/p>\n<p class=\"MsoNormal\">VIS ALPIN Alpensalznasenspray befeuchtet und reinigt durch den speziellen Salzkomplex die Nasenschleimhaut, beugt trockenen Nasenschleimh\u00e4uten vor und dient zur begleitenden Behandlung von Schnupfen. <u><\/u><\/p>\n<p class=\"MsoNormal\"><u>Zusammensetzung<\/u><\/p>\n<p class=\"MsoNormal\">Alpensalzaus dem Salzkammergut, \u00f6sterreichisches Alpenquellwasser<\/p>\n<p class=\"MsoNormal\"><u>Anwendungsempfehlung<\/u><\/p>\n<p class=\"MsoNormal\">Ab 2Jahren: je nach Bedarf mehrmals t\u00e4glich 1 Spr\u00fchsto\u00df in jedes Nasenloch, ab 12Jahren und Erwachsene: je nach Bedarf mehrmals t\u00e4glich 1 bis 2 Spr\u00fchst\u00f6\u00dfe injedes Nasenloch<\/p>\n<p>VIS ALPIN Alpensalznasenspray ist bei Bedarfauch \u00fcber einen l\u00e4ngeren Zeitraum anwendbar.<br \/><u><\/u><\/p>\n","protected":false},"excerpt":{"rendered":"<p>100% nat\u00fcrliche Heilkraft aus den Alpen Anwendungsgebiete VIS ALPIN Alpensalznasenspray befeuchtet und reinigt durch den speziellen Salzkomplex die Nasenschleimhaut, beugt trockenen Nasenschleimh\u00e4uten vor und dient zur begleitenden Behandlung von Schnupfen. Zusammensetzung Alpensalzaus dem Salzkammergut, \u00f6sterreichisches Alpenquellwasser Anwendungsempfehlung Ab 2Jahren: je nach Bedarf mehrmals t\u00e4glich 1 Spr\u00fchsto\u00df in jedes Nasenloch, ab 12Jahren und Erwachsene: je nach [&hellip;]<\/p>\n","protected":false},"featured_media":17138,"template":"","meta":{"_acf_changed":false},"product_brand":[],"product_cat":[799],"product_tag":[],"class_list":{"0":"post-17136","1":"product","2":"type-product","3":"status-publish","4":"has-post-thumbnail","6":"product_cat-v","7":"pa_farbe-farblos","8":"pa_packungsgroesse-20ml","10":"first","11":"instock","12":"shipping-taxable","13":"purchasable","14":"product-type-simple"},"acf":[],"_links":{"self":[{"href":"https:\/\/www.ernstbrunn-apotheke.at\/katalog\/wp-json\/wp\/v2\/product\/17136","targetHints":{"allow":["GET"]}}],"collection":[{"href":"https:\/\/www.ernstbrunn-apotheke.at\/katalog\/wp-json\/wp\/v2\/product"}],"about":[{"href":"https:\/\/www.ernstbrunn-apotheke.at\/katalog\/wp-json\/wp\/v2\/types\/product"}],"wp:featuredmedia":[{"embeddable":true,"href":"https:\/\/www.ernstbrunn-apotheke.at\/katalog\/wp-json\/wp\/v2\/media\/17138"}],"wp:attachment":[{"href":"https:\/\/www.ernstbrunn-apotheke.at\/katalog\/wp-json\/wp\/v2\/media?parent=17136"}],"wp:term":[{"taxonomy":"product_brand","embeddable":true,"href":"https:\/\/www.ernstbrunn-apotheke.at\/katalog\/wp-json\/wp\/v2\/product_brand?post=17136"},{"taxonomy":"product_cat","embeddable":true,"href":"https:\/\/www.ernstbrunn-apotheke.at\/katalog\/wp-json\/wp\/v2\/product_cat?post=17136"},{"taxonomy":"product_tag","embeddable":true,"href":"https:\/\/www.ernstbrunn-apotheke.at\/katalog\/wp-json\/wp\/v2\/product_tag?post=17136"}],"curies":[{"name":"wp","href":"https:\/\/api.w.org\/{rel}","templated":true}]}}