{"id":17129,"date":"2025-11-07T18:34:57","date_gmt":"2025-11-07T17:34:57","guid":{"rendered":"https:\/\/www.ernstbrunn-apotheke.at\/katalog\/produkt\/angel-vac-nasen-staubsauger-1-stk\/"},"modified":"2025-12-08T13:58:39","modified_gmt":"2025-12-08T12:58:39","slug":"angel-vac-nasen-staubsauger-1-stk","status":"publish","type":"product","link":"https:\/\/www.ernstbrunn-apotheke.at\/katalog\/produkt\/angel-vac-nasen-staubsauger-1-stk\/","title":{"rendered":"Angel-Vac Nasen-Staubsauger 1 Stk."},"content":{"rendered":"<p>Angel-Vac Nasen-Staubsauger ist ein von internationalen Instituten getestetes und von anerkannten Fach\u00e4rzten empfohlenes Hilfsmittel zur wirksamen Erg\u00e4nzung der \u00e4rztlichen Behandlung. Es ist ein Ger\u00e4t, das ausschlie\u00dflich f\u00fcr das Entfernen des Nasensekrets von S\u00e4uglingen und Kleinkindern entwickelt wurde.<\/p>\n","protected":false},"excerpt":{"rendered":"<p>Angel-Vac Nasen-Staubsauger ist ein von internationalen Instituten getestetes und von anerkannten Fach\u00e4rzten empfohlenes Hilfsmittel zur wirksamen Erg\u00e4nzung der \u00e4rztlichen Behandlung. Es ist ein Ger\u00e4t, das ausschlie\u00dflich f\u00fcr das Entfernen des Nasensekrets von S\u00e4uglingen und Kleinkindern entwickelt wurde.<\/p>\n","protected":false},"featured_media":17131,"template":"","meta":{"_acf_changed":false},"product_brand":[],"product_cat":[801],"product_tag":[],"class_list":{"0":"post-17129","1":"product","2":"type-product","3":"status-publish","4":"has-post-thumbnail","6":"product_cat-a","7":"pa_packungsgroesse-1-stueck","9":"first","10":"instock","11":"shipping-taxable","12":"purchasable","13":"product-type-simple"},"acf":[],"_links":{"self":[{"href":"https:\/\/www.ernstbrunn-apotheke.at\/katalog\/wp-json\/wp\/v2\/product\/17129","targetHints":{"allow":["GET"]}}],"collection":[{"href":"https:\/\/www.ernstbrunn-apotheke.at\/katalog\/wp-json\/wp\/v2\/product"}],"about":[{"href":"https:\/\/www.ernstbrunn-apotheke.at\/katalog\/wp-json\/wp\/v2\/types\/product"}],"wp:featuredmedia":[{"embeddable":true,"href":"https:\/\/www.ernstbrunn-apotheke.at\/katalog\/wp-json\/wp\/v2\/media\/17131"}],"wp:attachment":[{"href":"https:\/\/www.ernstbrunn-apotheke.at\/katalog\/wp-json\/wp\/v2\/media?parent=17129"}],"wp:term":[{"taxonomy":"product_brand","embeddable":true,"href":"https:\/\/www.ernstbrunn-apotheke.at\/katalog\/wp-json\/wp\/v2\/product_brand?post=17129"},{"taxonomy":"product_cat","embeddable":true,"href":"https:\/\/www.ernstbrunn-apotheke.at\/katalog\/wp-json\/wp\/v2\/product_cat?post=17129"},{"taxonomy":"product_tag","embeddable":true,"href":"https:\/\/www.ernstbrunn-apotheke.at\/katalog\/wp-json\/wp\/v2\/product_tag?post=17129"}],"curies":[{"name":"wp","href":"https:\/\/api.w.org\/{rel}","templated":true}]}}